{"id":402,"date":"2018-08-23T13:59:25","date_gmt":"2018-08-23T11:59:25","guid":{"rendered":"https:\/\/kodstylu.pl\/sklep\/?post_type=product&#038;p=402"},"modified":"2026-05-05T17:05:25","modified_gmt":"2026-05-05T15:05:25","slug":"analiza-kolorystyczna","status":"publish","type":"product","link":"https:\/\/kodstylu.pl\/sklep\/product\/analiza-kolorystyczna\/","title":{"rendered":"Analiza kolorystyczna"},"content":{"rendered":"<p>Koniec z\u00a0<a href=\"https:\/\/kodstylu.pl\/oferta\/zakupy\/\" target=\"_blank\" rel=\"noopener noreferrer\">zakupami\u00a0<\/a>poch\u0142aniaj\u0105cymi godziny i szaf\u0105 pe\u0142n\u0105 ubra\u0144, kt\u00f3re nigdy nie ujrza\u0142y \u015bwiat\u0142a dziennego! <strong>Analiza kolorystyczna upro\u015bci Twoje \u017cycie pod wieloma wzgl\u0119dami<\/strong>. Ja lub m\u00f3j zesp\u00f3\u0142 okre\u015blimy Tw\u00f3j typ kolorystyczny w systemie 12 typ\u00f3w urody, kt\u00f3ry jest drogowskazem w \u015bwiecie kolor\u00f3w oraz zaw\u0119\u017ca wyb\u00f3r do konkretnych barw i wskazuje korzystne po\u0142\u0105czenia.<strong> Samo okre\u015blenie typu urody to us\u0142uga podstawowa. Analiza kolorystyczna &#8211; bardziej rozbudowana, daj\u0105ca Ci wi\u0119cej informacji.<\/strong><\/p>\n<h1><strong>Warianty us\u0142ugi<\/strong>:<\/h1>\n<ul>\n<li>\n<h2>okre\u015blenie typu urody<\/h2>\n<\/li>\n<\/ul>\n<p><strong>Nazw\u0119 Tw\u00f3j typ kolorystyczny<\/strong> i otrzymasz podstawowe informacje na jego temat. Us\u0142uga odbywa si\u0119 online. Wynik otrzymujesz do 10 dni roboczych od momentu otrzymania od nas kompletu informacji. Jakich informacji potrzebujemy? <a href=\"https:\/\/kodstylu.pl\/formularz-zgloszeniowy\/\" target=\"_blank\" rel=\"noopener\">Tutaj znajdziesz szczeg\u00f3\u0142y &gt;&gt;<\/a><\/p>\n<p>Po za ko\u0144czeniu us\u0142ugi otrzymujesz <strong>wynik na maila wraz z kr\u00f3tkim komentarzem.<\/strong><\/p>\n<ul>\n<li>\n<h2>analiza kolorystyczna<\/h2>\n<\/li>\n<\/ul>\n<p><strong>To bogatsza wersja wiedzy kolorystycznej.<\/strong> Wyst\u0119puje w wersji stacjonarnej (wykonuj\u0119 j\u0105 Ola w Gliwicach lub Magda w Krakowie), jak i online. Czym r\u00f3\u017cni si\u0119 od okre\u015blenia typu urody? Opr\u00f3cz poznania typu kolorystycznego, otrzymujesz sw\u00f3j typ siostrzany, opozycyjny i sposoby \u0142\u0105czenia kolor\u00f3w. Dowiadujesz si\u0119, jak najlepiej &#8222;oszukiwa\u0107&#8221; i od kogo mo\u017cesz po\u017cycza\u0107 kolory. Dostajesz informacje odno\u015bnie kolor\u00f3w w\u0142os\u00f3w i proponowanego makija\u017cu. Po zako\u0144czonej analizie kolorystycznej otrzymujesz prezentacj\u0119 PDF z podsumowaniem (ma oko\u0142o 100 str).<\/p>\n<p>Po um\u00f3wieniu si\u0119 na analiz\u0119 stacjonarn\u0105 dostajesz e-mailem wytyczne, jak przygotowa\u0107 si\u0119 do spotkania.<\/p>\n<p>Po um\u00f3wieniu si\u0119 na analiz\u0119 online potrzebujemy od Ciebie zdj\u0119\u0107 i odpowiedzi na kilka pyta\u0144. Jakich informacji potrzebujemy? <a href=\"https:\/\/kodstylu.pl\/formularz-zgloszeniowy\/\" target=\"_blank\" rel=\"noopener\">Znajdziesz je tutaj &gt;&gt;\u00a0<\/a> Wynik otrzymujesz do 10 dni roboczych od momentu otrzymania od nas kompletu informacji.<\/p>\n<h2><strong>Analiza kolorystyczna &#8211; dlaczego warto?<\/strong>\u00a0Oto najwa\u017cniejsze powody:<\/h2>\n<ul>\n<li>Dobrze dobrana kolorystyka ubrania sprawia, \u017ce wygl\u0105dasz na m\u0142odsz\u0105 i bardziej wypocz\u0119t\u0105. Dzi\u0119ki temu czujesz si\u0119 zachwycaj\u0105co ka\u017cdego dnia.<\/li>\n<li>\u201eTwoje\u201d kolory podkre\u015blaj\u0105 kolor oczu i ust, w rezultacie cz\u0119\u015bciej s\u0142yszysz komplementy. \u0179le dobrane sprawiaj\u0105, \u017ce sk\u00f3ra wygl\u0105da na zm\u0119czon\u0105, oczy strac\u0105 sw\u00f3j blask, a na twarzy widoczna b\u0119dzie ka\u017cda plamka, zmarszczka, przebarwienie czy wyprysk<\/li>\n<li>Kolory dobrane do Twojej urody mog\u0105 dzia\u0142a\u0107 jak cudowny lifting i najlepszy korektor na cienie pod oczami.<\/li>\n<li>Dowiesz si\u0119 jakich kolor\u00f3w unika\u0107, a wi\u0119c b\u0119dziesz czu\u0142a spok\u00f3j, a podczas zakup\u00f3w b\u0119dziesz podejmowa\u0142a szybkie decyzje. Podsumowuj\u0105c: sko\u0144czysz z godzinami sp\u0119dzonymi w sklepie.<\/li>\n<li>Przestaniesz dokonywa\u0107 impulsywnych wybor\u00f3w podczas zakup\u00f3w (ten kolor jest pi\u0119kny\u2026 moja kole\u017canka \u015bwietnie w nim wygl\u0105da\u2026 jest modny\u2026 znasz to?) koniec z pieni\u0119dzmi wydanymi w b\u0142oto.<\/li>\n<\/ul>\n<p><strong>Po sko\u0144czonej us\u0142udze (ka\u017cdy wariant) dostaniesz GRATIS e-book mojego autorstwa <a href=\"https:\/\/kodstylu.pl\/sklep\/product\/e-book-ubierz-sie-w-kolor\/\" target=\"_blank\" rel=\"noopener noreferrer\">\u201eUbierz si\u0119 w kolor. Tajniki analizy kolorystycznej&#8221;<\/a><\/strong> \u00a0z opisem i wskaz\u00f3wkami dla Twojego typu kolorystycznego.<\/p>\n<p>Jej bezp\u0142atny fragment mo\u017cesz pobra\u0107 tutaj<\/p>\n<p><a href=\"https:\/\/dashboard.mailerlite.com\/forms\/279319\/110804090363053077\/share\" target=\"_blank\" rel=\"noopener\"><img loading=\"lazy\" decoding=\"async\" class=\"alignnone wp-image-29508\" src=\"https:\/\/kodstylu.pl\/sklep\/wp-content\/uploads\/2018\/08\/POBIERZ-1-e1705673476710-300x83.png\" alt=\"\" width=\"224\" height=\"62\" srcset=\"https:\/\/kodstylu.pl\/sklep\/wp-content\/uploads\/2018\/08\/POBIERZ-1-e1705673476710-300x83.png 300w, https:\/\/kodstylu.pl\/sklep\/wp-content\/uploads\/2018\/08\/POBIERZ-1-e1705673476710-600x167.png 600w, https:\/\/kodstylu.pl\/sklep\/wp-content\/uploads\/2018\/08\/POBIERZ-1-e1705673476710-768x213.png 768w, https:\/\/kodstylu.pl\/sklep\/wp-content\/uploads\/2018\/08\/POBIERZ-1-e1705673476710-1024x284.png 1024w, https:\/\/kodstylu.pl\/sklep\/wp-content\/uploads\/2018\/08\/POBIERZ-1-e1705673476710-247x69.png 247w, https:\/\/kodstylu.pl\/sklep\/wp-content\/uploads\/2018\/08\/POBIERZ-1-e1705673476710-510x142.png 510w, https:\/\/kodstylu.pl\/sklep\/wp-content\/uploads\/2018\/08\/POBIERZ-1-e1705673476710.png 1080w\" sizes=\"auto, (max-width: 224px) 100vw, 224px\" \/><\/a><\/p>\n<p>Rozpie\u015b\u0107 si\u0119 w pe\u0142ni i skorzystaj ze <a href=\"https:\/\/kodstylu.pl\/sklep\/product\/spersonalizowana-opieka-osobistej-stylistki\/\" target=\"_blank\" rel=\"noopener\">spersonalizowanej opieki osobistej stylistki<\/a>. 3-miesi\u0119czna metamorfoza odmieni nie tylko Tw\u00f3j wygl\u0105d, ale i wn\u0119trze. A je\u015bli jeste\u015b osob\u0105, kt\u00f3ra chce zrobi\u0107 mega metamorfoz\u0119 w szybkim czasie, napisz do nas na <a class=\"PrimaryLink BaseLink\" href=\"mailto:biuro@kodstylu.pl\" target=\"_blank\" rel=\"noreferrer noopener\">biuro@kodstylu.pl<\/a>, a ustalimy szybsz\u0105 drog\u0119 do uzyskania wymarzonego wygl\u0105du.<\/p>\n<p>Po wykupieniu us\u0142ugi masz rok na jej realizacj\u0119.<\/p>\n<p data-pm-slice=\"1 1 []\">Z uwagi na du\u017ce zainteresowanie us\u0142ugami czas oczekiwania na spotkanie mo\u017ce si\u0119 wyd\u0142u\u017cy\u0107 do miesi\u0105ca. We\u017a to pod uwag\u0119 przy sk\u0142adaniu zam\u00f3wienia. Je\u015bli chcesz dowiedzie\u0107 si\u0119, jakie mamy najbli\u017csze wolne terminy, napisz na <a class=\"ProsemirrorEditor-link\" href=\"mailto:biuro@kodstylu.pl\">biuro@kodstylu.pl<\/a>.<\/p>\n<p>Pot\u0119\u017cnej dawki inspiracji mo\u017cesz szuka\u0107 <a href=\"https:\/\/www.facebook.com\/kodstylu\" target=\"_blank\" rel=\"noopener\">na naszym facebooku <\/a>oraz\u00a0<a href=\"https:\/\/www.instagram.com\/kodstylu\/\" target=\"_blank\" rel=\"noopener\">instagramie.<\/a><\/p>\n<h1>FAQ<\/h1>\n<ol>\n<li><strong>Czy analiza kolorystyczna ma sens? W czym pomaga?<\/strong> Oczywi\u015bcie, \u017ce ma sens! Wykonuj\u0119 j\u0105 od lat i jestem zachwycona tym, \u017ce ka\u017cda z moich klientek potrafi odnale\u017a\u0107 si\u0119 w \u015bwiecie kolor\u00f3w i wie w czym jej dobrze, a co powinna omija\u0107 szerokim \u0142ukiem :).<\/li>\n<li><strong>Czy analiza kolorystyczna mo\u017ce si\u0119 pomyli\u0107?<\/strong> U nas, nie! \ud83d\ude09 Przepisem na udan\u0105 analiz\u0119 jest odpowiednie przygotowanie kolorystki, otoczenie i \u015bwiat\u0142o. Wykonuj\u0119 analizy od 2011 roku. To moja podstawowa i najbardziej popularna us\u0142uga. Zerknij do sekcji z opiniami.<\/li>\n<li><strong>Co je\u017celi mam okre\u015blony typ, ale zupe\u0142nie go nie czuj\u0119 i wydaje mi si\u0119, \u017ce poprzednia kolorystka si\u0119 pomyli\u0142a?<\/strong> Niestety trafiaj\u0105 do mnie takie klientki, kt\u00f3re odwiedzi\u0142y ju\u017c kolorystk\u0119, ale zupe\u0142nie nie czuj\u0105 poprzedniego wyniku. Zdarza si\u0119, \u017ce typ jest nieodpowiednio okre\u015blony, zazwyczaj przez pocz\u0105tkuj\u0105c\u0105 kolorystk\u0119. Najcz\u0119stszy b\u0142\u0105d? Skupianie si\u0119 na wygl\u0105dzie Klientki zamiast na tym, co pokazuj\u0105 chusty i pr\u00f3ba dopasowania wygl\u0105du do teorii analizy. Ka\u017cda kobieta jest inna i wymaga indywidualnego podej\u015bcia.<\/li>\n<li><strong>Czy analiza ma jakie\u015b minusy?<\/strong> Tak, jeden: b\u0119dziesz musia\u0142a zrobi\u0107 w ko\u0144cu porz\u0105dek w szafie i pozby\u0107 si\u0119 ubra\u0144, kt\u00f3re nie s\u0105 zgodne z Twoj\u0105 palet\u0105 kolor\u00f3w. Ale nie martw si\u0119. Mog\u0119 Ci w tym pom\u00f3c :). Pami\u0119taj, \u017ceby nie pozbywa\u0107 si\u0119 wszystkiego od razu, tylko sukcesywnie \ud83d\ude42<\/li>\n<li><strong>Ile mam czasu na um\u00f3wienie si\u0119 na analiz\u0119?<\/strong> Rok! Na pewno zd\u0105\u017cysz \ud83d\ude42<\/li>\n<li><strong>Czy analiza kolorystyczna online ma sens? Czy nie jest gorsza od stacjonarnej?<\/strong> Oczywi\u015bcie, \u017ce ma sens! Wykonuj\u0119 j\u0105 od 2013 roku i jestem zachwycona tym, \u017ce ka\u017cda osoba, niezale\u017cnie od miejsca zamieszkania jest w stanie okre\u015bli\u0107 ze mn\u0105 sw\u00f3j typ urody.<\/li>\n<li><strong>Czy analiza kolorystyczna online mo\u017ce nie wyj\u015b\u0107?<\/strong> Przepisem na udan\u0105 analiz\u0119 s\u0105 odpowiednie zdj\u0119cia. Je\u017celi wykonasz je zgodnie z instrukcj\u0105 w formularzu, wszystko b\u0119dzie dobrze. Zdj\u0119cia musz\u0105 spe\u0142nia\u0107 odpowiednie kryteria. Je\u017celi Twoje nie b\u0119d\u0105, na pewno damy Ci zna\u0107 i poprosimy o nowe.<\/li>\n<li><strong>Co je\u017celi nie b\u0119d\u0119 umia\u0142a dostarczy\u0107 odpowiednich zdj\u0119\u0107?<\/strong> Nic si\u0119 nie martw! B\u0119dziemy pr\u00f3bowa\u0107 do skutku. Je\u017celi po wielu pr\u00f3bach oka\u017ce si\u0119, \u017ce nie jeste\u015b w stanie wykona\u0107 dobrych jako\u015bciowo zdj\u0119\u0107, oddamy Ci pieni\u0105dze.<\/li>\n<li><strong>Czy analiza online ma jakie\u015b minusy?<\/strong> Tak, jeden: nie widzimy si\u0119 na \u017cywo, co oznacza, \u017ce nie b\u0119d\u0119 mog\u0142a zobaczy\u0107, jak fajn\u0105 osob\u0105 jeste\u015b \ud83d\ude42<\/li>\n<\/ol>\n","protected":false},"excerpt":{"rendered":"<p><span style=\"font-size: 75%;\">To jest najlepsza cena z ostatnich 30 dni<\/span><\/p>\n<p><strong>Je\u015bli nie wiesz, jaki masz typ urody<\/strong>, a co za tym idzie &#8211; nie masz poj\u0119cia, jakie kolory ubra\u0144, dodatk\u00f3w, czy kosmetyk\u00f3w wybra\u0107 &#8211;<strong> to idealne miejsce dla Ciebie<\/strong>! Dowiesz si\u0119, w kt\u00f3rych kolorach wygl\u0105dasz najlepiej, a kt\u00f3rych lepiej unika\u0107. Pomog\u0119 Ci odnale\u017a\u0107 si\u0119 w g\u0105szczu ca\u0142ej palety barw!<\/p>\n<p><strong>Us\u0142uga dost\u0119pna jest w trzech wariantach<\/strong>: okre\u015blenie typu urody, analiza kolorystyczna stacjonarna i analiza kolorystyczna online. Mo\u017cesz spotka\u0107 si\u0119 w Gliwicach ze mn\u0105 lub w Krakowie z Magd\u0105.<\/p>\n<p><strong>Poni\u017cej znajdziesz opis ka\u017cdej z nich.<\/strong><\/p>\n<h5><\/h5>\n","protected":false},"featured_media":30879,"comment_status":"open","ping_status":"closed","template":"","meta":[],"product_brand":[],"product_cat":[26],"product_tag":[],"class_list":{"0":"post-402","1":"product","2":"type-product","3":"status-publish","4":"has-post-thumbnail","6":"product_cat-uslugi","8":"first","9":"instock","10":"sale","11":"taxable","12":"shipping-taxable","13":"purchasable","14":"product-type-variable"},"yoast_head":"<!-- This site is optimized with the Yoast SEO plugin v27.5 - https:\/\/yoast.com\/product\/yoast-seo-wordpress\/ -->\n<title>Analiza kolorystyczna. Okre\u015blanie typu urody<\/title>\n<meta name=\"description\" content=\"Analiza kolorystyczna okre\u015bla typ kolorystyczny, kt\u00f3rym jeste\u015b. Poznajesz kolory, w kt\u00f3rych pi\u0119knie wygl\u0105dasz. Kupujesz tylko to, co dla Ciebie dobre.\" \/>\n<meta name=\"robots\" content=\"index, follow, max-snippet:-1, max-image-preview:large, max-video-preview:-1\" \/>\n<link rel=\"canonical\" href=\"https:\/\/kodstylu.pl\/sklep\/product\/analiza-kolorystyczna\/\" \/>\n<meta property=\"og:locale\" content=\"pl_PL\" \/>\n<meta property=\"og:type\" content=\"article\" \/>\n<meta property=\"og:title\" content=\"Analiza kolorystyczna. Okre\u015blanie typu urody\" \/>\n<meta property=\"og:description\" content=\"Analiza kolorystyczna okre\u015bla typ kolorystyczny, kt\u00f3rym jeste\u015b. Poznajesz kolory, w kt\u00f3rych pi\u0119knie wygl\u0105dasz. Kupujesz tylko to, co dla Ciebie dobre.\" \/>\n<meta property=\"og:url\" content=\"https:\/\/kodstylu.pl\/sklep\/product\/analiza-kolorystyczna\/\" \/>\n<meta property=\"og:site_name\" content=\"Kod Stylu\" \/>\n<meta property=\"article:modified_time\" content=\"2026-05-05T15:05:25+00:00\" \/>\n<meta property=\"og:image\" content=\"https:\/\/kodstylu.pl\/sklep\/wp-content\/uploads\/2025\/07\/kodstylu_marzenaszaflik_wersja-2.0-6.jpg\" \/>\n\t<meta property=\"og:image:width\" content=\"2000\" \/>\n\t<meta property=\"og:image:height\" content=\"1335\" \/>\n\t<meta property=\"og:image:type\" content=\"image\/jpeg\" \/>\n<meta name=\"twitter:card\" content=\"summary_large_image\" \/>\n<meta name=\"twitter:label1\" content=\"Szacowany czas czytania\" \/>\n\t<meta name=\"twitter:data1\" content=\"6 minut\" \/>\n<script type=\"application\/ld+json\" class=\"yoast-schema-graph\">{\"@context\":\"https:\\\/\\\/schema.org\",\"@graph\":[{\"@type\":\"WebPage\",\"@id\":\"https:\\\/\\\/kodstylu.pl\\\/sklep\\\/product\\\/analiza-kolorystyczna\\\/\",\"url\":\"https:\\\/\\\/kodstylu.pl\\\/sklep\\\/product\\\/analiza-kolorystyczna\\\/\",\"name\":\"Analiza kolorystyczna. Okre\u015blanie typu urody\",\"isPartOf\":{\"@id\":\"https:\\\/\\\/kodstylu.pl\\\/sklep\\\/#website\"},\"primaryImageOfPage\":{\"@id\":\"https:\\\/\\\/kodstylu.pl\\\/sklep\\\/product\\\/analiza-kolorystyczna\\\/#primaryimage\"},\"image\":{\"@id\":\"https:\\\/\\\/kodstylu.pl\\\/sklep\\\/product\\\/analiza-kolorystyczna\\\/#primaryimage\"},\"thumbnailUrl\":\"https:\\\/\\\/kodstylu.pl\\\/sklep\\\/wp-content\\\/uploads\\\/2025\\\/07\\\/kodstylu_marzenaszaflik_wersja-2.0-6.jpg\",\"datePublished\":\"2018-08-23T11:59:25+00:00\",\"dateModified\":\"2026-05-05T15:05:25+00:00\",\"description\":\"Analiza kolorystyczna okre\u015bla typ kolorystyczny, kt\u00f3rym jeste\u015b. Poznajesz kolory, w kt\u00f3rych pi\u0119knie wygl\u0105dasz. Kupujesz tylko to, co dla Ciebie dobre.\",\"breadcrumb\":{\"@id\":\"https:\\\/\\\/kodstylu.pl\\\/sklep\\\/product\\\/analiza-kolorystyczna\\\/#breadcrumb\"},\"inLanguage\":\"pl-PL\",\"potentialAction\":[{\"@type\":\"ReadAction\",\"target\":[\"https:\\\/\\\/kodstylu.pl\\\/sklep\\\/product\\\/analiza-kolorystyczna\\\/\"]}]},{\"@type\":\"ImageObject\",\"inLanguage\":\"pl-PL\",\"@id\":\"https:\\\/\\\/kodstylu.pl\\\/sklep\\\/product\\\/analiza-kolorystyczna\\\/#primaryimage\",\"url\":\"https:\\\/\\\/kodstylu.pl\\\/sklep\\\/wp-content\\\/uploads\\\/2025\\\/07\\\/kodstylu_marzenaszaflik_wersja-2.0-6.jpg\",\"contentUrl\":\"https:\\\/\\\/kodstylu.pl\\\/sklep\\\/wp-content\\\/uploads\\\/2025\\\/07\\\/kodstylu_marzenaszaflik_wersja-2.0-6.jpg\",\"width\":2000,\"height\":1335},{\"@type\":\"BreadcrumbList\",\"@id\":\"https:\\\/\\\/kodstylu.pl\\\/sklep\\\/product\\\/analiza-kolorystyczna\\\/#breadcrumb\",\"itemListElement\":[{\"@type\":\"ListItem\",\"position\":1,\"name\":\"Strona g\u0142\u00f3wna\",\"item\":\"https:\\\/\\\/kodstylu.pl\\\/sklep\\\/\"},{\"@type\":\"ListItem\",\"position\":2,\"name\":\"Sklep\",\"item\":\"https:\\\/\\\/kodstylu.pl\\\/sklep\\\/sklep\\\/\"},{\"@type\":\"ListItem\",\"position\":3,\"name\":\"Analiza kolorystyczna\"}]},{\"@type\":\"WebSite\",\"@id\":\"https:\\\/\\\/kodstylu.pl\\\/sklep\\\/#website\",\"url\":\"https:\\\/\\\/kodstylu.pl\\\/sklep\\\/\",\"name\":\"Kod Stylu\",\"description\":\"Osobista Stylistka, Szkolenia dla stylistek\",\"potentialAction\":[{\"@type\":\"SearchAction\",\"target\":{\"@type\":\"EntryPoint\",\"urlTemplate\":\"https:\\\/\\\/kodstylu.pl\\\/sklep\\\/?s={search_term_string}\"},\"query-input\":{\"@type\":\"PropertyValueSpecification\",\"valueRequired\":true,\"valueName\":\"search_term_string\"}}],\"inLanguage\":\"pl-PL\"}]}<\/script>\n<!-- \/ Yoast SEO plugin. -->","yoast_head_json":{"title":"Analiza kolorystyczna. Okre\u015blanie typu urody","description":"Analiza kolorystyczna okre\u015bla typ kolorystyczny, kt\u00f3rym jeste\u015b. Poznajesz kolory, w kt\u00f3rych pi\u0119knie wygl\u0105dasz. Kupujesz tylko to, co dla Ciebie dobre.","robots":{"index":"index","follow":"follow","max-snippet":"max-snippet:-1","max-image-preview":"max-image-preview:large","max-video-preview":"max-video-preview:-1"},"canonical":"https:\/\/kodstylu.pl\/sklep\/product\/analiza-kolorystyczna\/","og_locale":"pl_PL","og_type":"article","og_title":"Analiza kolorystyczna. Okre\u015blanie typu urody","og_description":"Analiza kolorystyczna okre\u015bla typ kolorystyczny, kt\u00f3rym jeste\u015b. Poznajesz kolory, w kt\u00f3rych pi\u0119knie wygl\u0105dasz. Kupujesz tylko to, co dla Ciebie dobre.","og_url":"https:\/\/kodstylu.pl\/sklep\/product\/analiza-kolorystyczna\/","og_site_name":"Kod Stylu","article_modified_time":"2026-05-05T15:05:25+00:00","og_image":[{"width":2000,"height":1335,"url":"https:\/\/kodstylu.pl\/sklep\/wp-content\/uploads\/2025\/07\/kodstylu_marzenaszaflik_wersja-2.0-6.jpg","type":"image\/jpeg"}],"twitter_card":"summary_large_image","twitter_misc":{"Szacowany czas czytania":"6 minut"},"schema":{"@context":"https:\/\/schema.org","@graph":[{"@type":"WebPage","@id":"https:\/\/kodstylu.pl\/sklep\/product\/analiza-kolorystyczna\/","url":"https:\/\/kodstylu.pl\/sklep\/product\/analiza-kolorystyczna\/","name":"Analiza kolorystyczna. Okre\u015blanie typu urody","isPartOf":{"@id":"https:\/\/kodstylu.pl\/sklep\/#website"},"primaryImageOfPage":{"@id":"https:\/\/kodstylu.pl\/sklep\/product\/analiza-kolorystyczna\/#primaryimage"},"image":{"@id":"https:\/\/kodstylu.pl\/sklep\/product\/analiza-kolorystyczna\/#primaryimage"},"thumbnailUrl":"https:\/\/kodstylu.pl\/sklep\/wp-content\/uploads\/2025\/07\/kodstylu_marzenaszaflik_wersja-2.0-6.jpg","datePublished":"2018-08-23T11:59:25+00:00","dateModified":"2026-05-05T15:05:25+00:00","description":"Analiza kolorystyczna okre\u015bla typ kolorystyczny, kt\u00f3rym jeste\u015b. Poznajesz kolory, w kt\u00f3rych pi\u0119knie wygl\u0105dasz. Kupujesz tylko to, co dla Ciebie dobre.","breadcrumb":{"@id":"https:\/\/kodstylu.pl\/sklep\/product\/analiza-kolorystyczna\/#breadcrumb"},"inLanguage":"pl-PL","potentialAction":[{"@type":"ReadAction","target":["https:\/\/kodstylu.pl\/sklep\/product\/analiza-kolorystyczna\/"]}]},{"@type":"ImageObject","inLanguage":"pl-PL","@id":"https:\/\/kodstylu.pl\/sklep\/product\/analiza-kolorystyczna\/#primaryimage","url":"https:\/\/kodstylu.pl\/sklep\/wp-content\/uploads\/2025\/07\/kodstylu_marzenaszaflik_wersja-2.0-6.jpg","contentUrl":"https:\/\/kodstylu.pl\/sklep\/wp-content\/uploads\/2025\/07\/kodstylu_marzenaszaflik_wersja-2.0-6.jpg","width":2000,"height":1335},{"@type":"BreadcrumbList","@id":"https:\/\/kodstylu.pl\/sklep\/product\/analiza-kolorystyczna\/#breadcrumb","itemListElement":[{"@type":"ListItem","position":1,"name":"Strona g\u0142\u00f3wna","item":"https:\/\/kodstylu.pl\/sklep\/"},{"@type":"ListItem","position":2,"name":"Sklep","item":"https:\/\/kodstylu.pl\/sklep\/sklep\/"},{"@type":"ListItem","position":3,"name":"Analiza kolorystyczna"}]},{"@type":"WebSite","@id":"https:\/\/kodstylu.pl\/sklep\/#website","url":"https:\/\/kodstylu.pl\/sklep\/","name":"Kod Stylu","description":"Osobista Stylistka, Szkolenia dla stylistek","potentialAction":[{"@type":"SearchAction","target":{"@type":"EntryPoint","urlTemplate":"https:\/\/kodstylu.pl\/sklep\/?s={search_term_string}"},"query-input":{"@type":"PropertyValueSpecification","valueRequired":true,"valueName":"search_term_string"}}],"inLanguage":"pl-PL"}]}},"_links":{"self":[{"href":"https:\/\/kodstylu.pl\/sklep\/wp-json\/wp\/v2\/product\/402","targetHints":{"allow":["GET"]}}],"collection":[{"href":"https:\/\/kodstylu.pl\/sklep\/wp-json\/wp\/v2\/product"}],"about":[{"href":"https:\/\/kodstylu.pl\/sklep\/wp-json\/wp\/v2\/types\/product"}],"replies":[{"embeddable":true,"href":"https:\/\/kodstylu.pl\/sklep\/wp-json\/wp\/v2\/comments?post=402"}],"wp:featuredmedia":[{"embeddable":true,"href":"https:\/\/kodstylu.pl\/sklep\/wp-json\/wp\/v2\/media\/30879"}],"wp:attachment":[{"href":"https:\/\/kodstylu.pl\/sklep\/wp-json\/wp\/v2\/media?parent=402"}],"wp:term":[{"taxonomy":"product_brand","embeddable":true,"href":"https:\/\/kodstylu.pl\/sklep\/wp-json\/wp\/v2\/product_brand?post=402"},{"taxonomy":"product_cat","embeddable":true,"href":"https:\/\/kodstylu.pl\/sklep\/wp-json\/wp\/v2\/product_cat?post=402"},{"taxonomy":"product_tag","embeddable":true,"href":"https:\/\/kodstylu.pl\/sklep\/wp-json\/wp\/v2\/product_tag?post=402"}],"curies":[{"name":"wp","href":"https:\/\/api.w.org\/{rel}","templated":true}]}}