{"id":30946,"date":"2025-09-15T13:18:30","date_gmt":"2025-09-15T11:18:30","guid":{"rendered":"https:\/\/kodstylu.pl\/sklep\/?post_type=product&#038;p=30946"},"modified":"2026-03-26T17:35:41","modified_gmt":"2026-03-26T16:35:41","slug":"pakiet-2025","status":"publish","type":"product","link":"https:\/\/kodstylu.pl\/sklep\/product\/pakiet-2025\/","title":{"rendered":"Pakiet 3 program\u00f3w szkoleniowych"},"content":{"rendered":"<figure class=\"wp-block-image size-large\"><strong>Pakiet szkole\u0144 ZMK, ZOS i DBS<\/strong> to kompletna \u015bcie\u017cka, dzi\u0119ki kt\u00f3rej mo\u017cesz zdoby\u0107 <strong>nowy zaw\u00f3d stylistki i kolorystki<\/strong> oraz <strong>zbudowa\u0107 stabilny, dochodowy biznes<\/strong> w tej bran\u017cy.<\/figure>\r\n<figure class=\"wp-block-image size-large\">\r\n\r\n\ud83d\udd38 <strong>Zosta\u0144 Mistrzyni\u0105 Kolor\u00f3w (ZMK)<\/strong> \u2013 w intensywnym, trzymiesi\u0119cznym kursie nauczysz si\u0119 profesjonalnej analizy kolorystycznej. Zyskasz umiej\u0119tno\u015b\u0107 rozpoznawania typ\u00f3w urody, doboru kolor\u00f3w garderoby, w\u0142os\u00f3w czy makija\u017cu oraz tworzenia palet, kt\u00f3re podkre\u015blaj\u0105 pi\u0119kno i pewno\u015b\u0107 siebie klientek. Dzi\u0119ki praktycznym \u0107wiczeniom, gotowym narz\u0119dziom i sesjom na \u017cywo od razu zaczniesz czu\u0107 si\u0119 pewnie w pracy kolorystki. Kurs ko\u0144czy si\u0119 certyfikatem i dost\u0119pem do spo\u0142eczno\u015bci, co u\u0142atwi Ci start w zawodzie. Otrzymujesz narz\u0119dzia do analizy kolorystycznej online oraz szablony prezentacji dla klientek po wykonanej analizie.<\/figure>\r\n<figure class=\"wp-block-image size-large\">\r\n\r\n\ud83d\udd38 <strong>Zosta\u0144 Osobist\u0105 Stylistk\u0105 (ZOS)<\/strong> \u2013 czteromiesi\u0119czny program, kt\u00f3ry daje Ci solidne podstawy wizerunkowe i przygotowuje do pracy z r\u00f3\u017cnymi klientkami. Nauczysz si\u0119 analizy sylwetek kobiecych i m\u0119skich, zasad dress code\u2019u, psychologii stylu i budowania sp\u00f3jnego wizerunku. Poznasz wszystkie us\u0142ugi, jakie mo\u017cesz w\u0142\u0105czy\u0107 do swojej oferty, dzi\u0119ki czemu b\u0119dziesz gotowa prowadzi\u0107 klientki od zakup\u00f3w po pe\u0142n\u0105 metamorfoz\u0119.<\/figure>\r\n<figure class=\"wp-block-image size-large\">\r\n\r\n\ud83d\udd38 <strong>Dochodowy Biznes Stylistki (DBS)<\/strong> \u2013 dwumiesi\u0119czny kurs, kt\u00f3ry pokazuje, jak zamieni\u0107 pasj\u0119 w \u017ar\u00f3d\u0142o dochodu. Nauczysz si\u0119 wycenia\u0107 swoje us\u0142ugi, tworzy\u0107 atrakcyjn\u0105 ofert\u0119, zdobywa\u0107 klientki i korzysta\u0107 z nowoczesnych narz\u0119dzi marketingowych, w tym social medi\u00f3w i AI. Dzi\u0119ki temu Twoja dzia\u0142alno\u015b\u0107 b\u0119dzie nie tylko profesjonalna, ale te\u017c op\u0142acalna i bezpieczna pod k\u0105tem prawnym.<\/figure>\r\n<figure class=\"wp-block-image size-large\">\r\n\r\nCa\u0142o\u015b\u0107 to <strong>praktyczna \u015bcie\u017cka edukacyjna<\/strong> \u2013 z nagraniami wideo, sesjami na \u017cywo, zadaniami i materia\u0142ami online, kt\u00f3re mo\u017cesz przerabia\u0107 elastycznie, we w\u0142asnym tempie. Ka\u017cdy kurs ko\u0144czy si\u0119 certyfikatem oraz dodatkowymi materia\u0142ami (e-booki, narz\u0119dzia do pracy). Absolwentki podkre\u015blaj\u0105, \u017ce dzi\u0119ki pakietowi zdoby\u0142y nie tylko wiedz\u0119 i pewno\u015b\u0107 siebie, ale przede wszystkim <strong>realne mo\u017cliwo\u015bci rozwoju \u2013 od pierwszych klientek po w\u0142asny, dochodowy biznes<\/strong>. \u00a0 <\/figure>\r\n<p><strong>Nie zostajesz z nauk\u0105 sama!<\/strong> <strong>Mam dla Ciebie tak\u017ce co\u015b specjalnego, czyli sesje Q&amp;A<\/strong> Kurs ma na celu w pe\u0142ni przygotowa\u0107 Ci\u0119 do rozwijania swojej firmy, dlatego\u00a0<strong>odpowiem na ka\u017cde Twoje pytanie<\/strong> przez czas trwania kursu podczas spotka\u0144 na \u017cywo! Spotkamy si\u0119 na platformie Zoom. Program to nie tylko wiedza, ale mo\u017cliwo\u015b\u0107 korzystania z mojego do\u015bwiadczenia i konsultowania ze mn\u0105 pocz\u0105tk\u00f3w swojej dzia\u0142alno\u015bci. Dost\u0119p do ka\u017cdego ze szkole\u0144 masz na rok. <strong>Potrzebujesz wi\u0119cej rat? Napisz na maila<\/strong><a href=\"mailto:biuro@kodstylu.pl\"><strong>\u00a0biuro@kodstylu.pl<\/strong><\/a><\/p>","protected":false},"excerpt":{"rendered":"<p><strong>Pakiet trzech program\u00f3w szkoleniowych <\/strong>to kompletna \u015bcie\u017cka, kt\u00f3ra pozwoli Ci zosta\u0107 stylistk\u0105 i kolorystk\u0105 oraz zbudowa\u0107 dochodowy biznes w tej bran\u017cy.<\/p>\n<p>\ud83d\udc49 Nauczysz si\u0119 profesjonalnej analizy kolorystycznej i stylizacji r\u00f3\u017cnych typ\u00f3w sylwetek.<\/p>\n<p>\ud83d\udc49 Otrzymasz gotowe narz\u0119dzia i wsparcie w pracy z klientkami.<\/p>\n<p>\ud83d\udc49 Dowiesz si\u0119, jak tworzy\u0107 ofert\u0119, wycenia\u0107 us\u0142ugi i zdobywa\u0107 zlecenia. Efekt? Nowy zaw\u00f3d, pewno\u015b\u0107 siebie i realne \u017ar\u00f3d\u0142o dochodu.<\/p>\n","protected":false},"featured_media":30947,"comment_status":"open","ping_status":"closed","template":"","meta":[],"product_brand":[],"product_cat":[50],"product_tag":[],"class_list":{"0":"post-30946","1":"product","2":"type-product","3":"status-publish","4":"has-post-thumbnail","6":"product_cat-szkolenie-ze-stylizacji","8":"first","9":"instock","10":"virtual","11":"taxable","12":"purchasable","13":"product-type-simple"},"yoast_head":"<!-- This site is optimized with the Yoast SEO plugin v27.4 - https:\/\/yoast.com\/product\/yoast-seo-wordpress\/ -->\n<title>Pakiet program\u00f3w szkoleniowych z analizy kolorystycznej i stylizacji<\/title>\n<meta name=\"description\" content=\"Pakiet program\u00f3w szkoleniowych z analizy kolorystycznej i stylizacji: Zosta\u0144 Mistrzynia Kolor\u00f3w, Zosta\u0144 Osobist\u0105 Stylistka i Dochodowy Biznes\" \/>\n<meta name=\"robots\" content=\"index, follow, max-snippet:-1, max-image-preview:large, max-video-preview:-1\" \/>\n<link rel=\"canonical\" href=\"https:\/\/kodstylu.pl\/sklep\/product\/pakiet-2025\/\" \/>\n<meta property=\"og:locale\" content=\"pl_PL\" \/>\n<meta property=\"og:type\" content=\"article\" \/>\n<meta property=\"og:title\" content=\"Pakiet program\u00f3w szkoleniowych z analizy kolorystycznej i stylizacji\" \/>\n<meta property=\"og:description\" content=\"Pakiet program\u00f3w szkoleniowych z analizy kolorystycznej i stylizacji: Zosta\u0144 Mistrzynia Kolor\u00f3w, Zosta\u0144 Osobist\u0105 Stylistka i Dochodowy Biznes\" \/>\n<meta property=\"og:url\" content=\"https:\/\/kodstylu.pl\/sklep\/product\/pakiet-2025\/\" \/>\n<meta property=\"og:site_name\" content=\"Kod Stylu\" \/>\n<meta property=\"article:modified_time\" content=\"2026-03-26T16:35:41+00:00\" \/>\n<meta property=\"og:image\" content=\"https:\/\/kodstylu.pl\/sklep\/wp-content\/uploads\/2025\/09\/pakiet-z-nazwami-poziom.png\" \/>\n\t<meta property=\"og:image:width\" content=\"888\" \/>\n\t<meta property=\"og:image:height\" content=\"332\" \/>\n\t<meta property=\"og:image:type\" content=\"image\/png\" \/>\n<meta name=\"twitter:card\" content=\"summary_large_image\" \/>\n<meta name=\"twitter:label1\" content=\"Szacowany czas czytania\" \/>\n\t<meta name=\"twitter:data1\" content=\"3 minuty\" \/>\n<script type=\"application\/ld+json\" class=\"yoast-schema-graph\">{\"@context\":\"https:\\\/\\\/schema.org\",\"@graph\":[{\"@type\":\"WebPage\",\"@id\":\"https:\\\/\\\/kodstylu.pl\\\/sklep\\\/product\\\/pakiet-2025\\\/\",\"url\":\"https:\\\/\\\/kodstylu.pl\\\/sklep\\\/product\\\/pakiet-2025\\\/\",\"name\":\"Pakiet program\u00f3w szkoleniowych z analizy kolorystycznej i stylizacji\",\"isPartOf\":{\"@id\":\"https:\\\/\\\/kodstylu.pl\\\/sklep\\\/#website\"},\"primaryImageOfPage\":{\"@id\":\"https:\\\/\\\/kodstylu.pl\\\/sklep\\\/product\\\/pakiet-2025\\\/#primaryimage\"},\"image\":{\"@id\":\"https:\\\/\\\/kodstylu.pl\\\/sklep\\\/product\\\/pakiet-2025\\\/#primaryimage\"},\"thumbnailUrl\":\"https:\\\/\\\/kodstylu.pl\\\/sklep\\\/wp-content\\\/uploads\\\/2025\\\/09\\\/pakiet-z-nazwami-poziom.png\",\"datePublished\":\"2025-09-15T11:18:30+00:00\",\"dateModified\":\"2026-03-26T16:35:41+00:00\",\"description\":\"Pakiet program\u00f3w szkoleniowych z analizy kolorystycznej i stylizacji: Zosta\u0144 Mistrzynia Kolor\u00f3w, Zosta\u0144 Osobist\u0105 Stylistka i Dochodowy Biznes\",\"breadcrumb\":{\"@id\":\"https:\\\/\\\/kodstylu.pl\\\/sklep\\\/product\\\/pakiet-2025\\\/#breadcrumb\"},\"inLanguage\":\"pl-PL\",\"potentialAction\":[{\"@type\":\"ReadAction\",\"target\":[\"https:\\\/\\\/kodstylu.pl\\\/sklep\\\/product\\\/pakiet-2025\\\/\"]}]},{\"@type\":\"ImageObject\",\"inLanguage\":\"pl-PL\",\"@id\":\"https:\\\/\\\/kodstylu.pl\\\/sklep\\\/product\\\/pakiet-2025\\\/#primaryimage\",\"url\":\"https:\\\/\\\/kodstylu.pl\\\/sklep\\\/wp-content\\\/uploads\\\/2025\\\/09\\\/pakiet-z-nazwami-poziom.png\",\"contentUrl\":\"https:\\\/\\\/kodstylu.pl\\\/sklep\\\/wp-content\\\/uploads\\\/2025\\\/09\\\/pakiet-z-nazwami-poziom.png\",\"width\":888,\"height\":332},{\"@type\":\"BreadcrumbList\",\"@id\":\"https:\\\/\\\/kodstylu.pl\\\/sklep\\\/product\\\/pakiet-2025\\\/#breadcrumb\",\"itemListElement\":[{\"@type\":\"ListItem\",\"position\":1,\"name\":\"Strona g\u0142\u00f3wna\",\"item\":\"https:\\\/\\\/kodstylu.pl\\\/sklep\\\/\"},{\"@type\":\"ListItem\",\"position\":2,\"name\":\"Sklep\",\"item\":\"https:\\\/\\\/kodstylu.pl\\\/sklep\\\/sklep\\\/\"},{\"@type\":\"ListItem\",\"position\":3,\"name\":\"Pakiet 3 program\u00f3w szkoleniowych\"}]},{\"@type\":\"WebSite\",\"@id\":\"https:\\\/\\\/kodstylu.pl\\\/sklep\\\/#website\",\"url\":\"https:\\\/\\\/kodstylu.pl\\\/sklep\\\/\",\"name\":\"Kod Stylu\",\"description\":\"Osobista Stylistka, Szkolenia dla stylistek\",\"potentialAction\":[{\"@type\":\"SearchAction\",\"target\":{\"@type\":\"EntryPoint\",\"urlTemplate\":\"https:\\\/\\\/kodstylu.pl\\\/sklep\\\/?s={search_term_string}\"},\"query-input\":{\"@type\":\"PropertyValueSpecification\",\"valueRequired\":true,\"valueName\":\"search_term_string\"}}],\"inLanguage\":\"pl-PL\"}]}<\/script>\n<!-- \/ Yoast SEO plugin. -->","yoast_head_json":{"title":"Pakiet program\u00f3w szkoleniowych z analizy kolorystycznej i stylizacji","description":"Pakiet program\u00f3w szkoleniowych z analizy kolorystycznej i stylizacji: Zosta\u0144 Mistrzynia Kolor\u00f3w, Zosta\u0144 Osobist\u0105 Stylistka i Dochodowy Biznes","robots":{"index":"index","follow":"follow","max-snippet":"max-snippet:-1","max-image-preview":"max-image-preview:large","max-video-preview":"max-video-preview:-1"},"canonical":"https:\/\/kodstylu.pl\/sklep\/product\/pakiet-2025\/","og_locale":"pl_PL","og_type":"article","og_title":"Pakiet program\u00f3w szkoleniowych z analizy kolorystycznej i stylizacji","og_description":"Pakiet program\u00f3w szkoleniowych z analizy kolorystycznej i stylizacji: Zosta\u0144 Mistrzynia Kolor\u00f3w, Zosta\u0144 Osobist\u0105 Stylistka i Dochodowy Biznes","og_url":"https:\/\/kodstylu.pl\/sklep\/product\/pakiet-2025\/","og_site_name":"Kod Stylu","article_modified_time":"2026-03-26T16:35:41+00:00","og_image":[{"width":888,"height":332,"url":"https:\/\/kodstylu.pl\/sklep\/wp-content\/uploads\/2025\/09\/pakiet-z-nazwami-poziom.png","type":"image\/png"}],"twitter_card":"summary_large_image","twitter_misc":{"Szacowany czas czytania":"3 minuty"},"schema":{"@context":"https:\/\/schema.org","@graph":[{"@type":"WebPage","@id":"https:\/\/kodstylu.pl\/sklep\/product\/pakiet-2025\/","url":"https:\/\/kodstylu.pl\/sklep\/product\/pakiet-2025\/","name":"Pakiet program\u00f3w szkoleniowych z analizy kolorystycznej i stylizacji","isPartOf":{"@id":"https:\/\/kodstylu.pl\/sklep\/#website"},"primaryImageOfPage":{"@id":"https:\/\/kodstylu.pl\/sklep\/product\/pakiet-2025\/#primaryimage"},"image":{"@id":"https:\/\/kodstylu.pl\/sklep\/product\/pakiet-2025\/#primaryimage"},"thumbnailUrl":"https:\/\/kodstylu.pl\/sklep\/wp-content\/uploads\/2025\/09\/pakiet-z-nazwami-poziom.png","datePublished":"2025-09-15T11:18:30+00:00","dateModified":"2026-03-26T16:35:41+00:00","description":"Pakiet program\u00f3w szkoleniowych z analizy kolorystycznej i stylizacji: Zosta\u0144 Mistrzynia Kolor\u00f3w, Zosta\u0144 Osobist\u0105 Stylistka i Dochodowy Biznes","breadcrumb":{"@id":"https:\/\/kodstylu.pl\/sklep\/product\/pakiet-2025\/#breadcrumb"},"inLanguage":"pl-PL","potentialAction":[{"@type":"ReadAction","target":["https:\/\/kodstylu.pl\/sklep\/product\/pakiet-2025\/"]}]},{"@type":"ImageObject","inLanguage":"pl-PL","@id":"https:\/\/kodstylu.pl\/sklep\/product\/pakiet-2025\/#primaryimage","url":"https:\/\/kodstylu.pl\/sklep\/wp-content\/uploads\/2025\/09\/pakiet-z-nazwami-poziom.png","contentUrl":"https:\/\/kodstylu.pl\/sklep\/wp-content\/uploads\/2025\/09\/pakiet-z-nazwami-poziom.png","width":888,"height":332},{"@type":"BreadcrumbList","@id":"https:\/\/kodstylu.pl\/sklep\/product\/pakiet-2025\/#breadcrumb","itemListElement":[{"@type":"ListItem","position":1,"name":"Strona g\u0142\u00f3wna","item":"https:\/\/kodstylu.pl\/sklep\/"},{"@type":"ListItem","position":2,"name":"Sklep","item":"https:\/\/kodstylu.pl\/sklep\/sklep\/"},{"@type":"ListItem","position":3,"name":"Pakiet 3 program\u00f3w szkoleniowych"}]},{"@type":"WebSite","@id":"https:\/\/kodstylu.pl\/sklep\/#website","url":"https:\/\/kodstylu.pl\/sklep\/","name":"Kod Stylu","description":"Osobista Stylistka, Szkolenia dla stylistek","potentialAction":[{"@type":"SearchAction","target":{"@type":"EntryPoint","urlTemplate":"https:\/\/kodstylu.pl\/sklep\/?s={search_term_string}"},"query-input":{"@type":"PropertyValueSpecification","valueRequired":true,"valueName":"search_term_string"}}],"inLanguage":"pl-PL"}]}},"_links":{"self":[{"href":"https:\/\/kodstylu.pl\/sklep\/wp-json\/wp\/v2\/product\/30946","targetHints":{"allow":["GET"]}}],"collection":[{"href":"https:\/\/kodstylu.pl\/sklep\/wp-json\/wp\/v2\/product"}],"about":[{"href":"https:\/\/kodstylu.pl\/sklep\/wp-json\/wp\/v2\/types\/product"}],"replies":[{"embeddable":true,"href":"https:\/\/kodstylu.pl\/sklep\/wp-json\/wp\/v2\/comments?post=30946"}],"wp:featuredmedia":[{"embeddable":true,"href":"https:\/\/kodstylu.pl\/sklep\/wp-json\/wp\/v2\/media\/30947"}],"wp:attachment":[{"href":"https:\/\/kodstylu.pl\/sklep\/wp-json\/wp\/v2\/media?parent=30946"}],"wp:term":[{"taxonomy":"product_brand","embeddable":true,"href":"https:\/\/kodstylu.pl\/sklep\/wp-json\/wp\/v2\/product_brand?post=30946"},{"taxonomy":"product_cat","embeddable":true,"href":"https:\/\/kodstylu.pl\/sklep\/wp-json\/wp\/v2\/product_cat?post=30946"},{"taxonomy":"product_tag","embeddable":true,"href":"https:\/\/kodstylu.pl\/sklep\/wp-json\/wp\/v2\/product_tag?post=30946"}],"curies":[{"name":"wp","href":"https:\/\/api.w.org\/{rel}","templated":true}]}}