{"id":30936,"date":"2025-09-13T09:46:29","date_gmt":"2025-09-13T07:46:29","guid":{"rendered":"https:\/\/kodstylu.pl\/sklep\/?post_type=product&#038;p=30936"},"modified":"2026-03-26T17:35:03","modified_gmt":"2026-03-26T16:35:03","slug":"dbs","status":"publish","type":"product","link":"https:\/\/kodstylu.pl\/sklep\/product\/dbs\/","title":{"rendered":"Dochodowy Biznes Stylistki"},"content":{"rendered":"<h2>Program online Dochodowy Biznes Stylistki<\/h2>\n<p>Stylizacja to dopiero pocz\u0105tek. Zamie\u0144 talent i pasj\u0119 w dochodowy biznes. Naucz si\u0119, jak prowadzi\u0107 w\u0142asn\u0105 mark\u0119 stylistki.<\/p>\n<p>To nie jest zwyk\u0142y kurs online! To hybrydowy program, trwaj\u0105cy 2 miesi\u0105ce, kt\u00f3ry pomo\u017ce Ci\u00a0<strong>rozwin\u0105\u0107 biznes stylistki lub kolorystki<\/strong>\u00a0i zamieni\u0107 swoje zainteresowania w dochodowy biznes<\/p>\n<p>Hybrydowy program online\u00a0= wiedza zawarta w lekcjach\u00a0+ regularne spotkania z mentork\u0105!<\/p>\n<figure class=\"wp-block-image size-large is-resized\"><a href=\"https:\/\/kursy.kodstylu.pl\/wp-content\/uploads\/edd\/2025\/09\/yt-2-89cu8ke.jpg\"><img loading=\"lazy\" decoding=\"async\" class=\"wp-image-52185\" src=\"https:\/\/kursy.kodstylu.pl\/wp-content\/uploads\/edd\/2025\/09\/yt-2-89cu8ke-1024x576.jpg\" sizes=\"auto, (max-width: 1024px) 100vw, 1024px\" srcset=\"https:\/\/kursy.kodstylu.pl\/wp-content\/uploads\/edd\/2025\/09\/yt-2-89cu8ke-1024x576.jpg 1024w, https:\/\/kursy.kodstylu.pl\/wp-content\/uploads\/edd\/2025\/09\/yt-2-89cu8ke-300x169.jpg 300w, https:\/\/kursy.kodstylu.pl\/wp-content\/uploads\/edd\/2025\/09\/yt-2-89cu8ke-768x432.jpg 768w, https:\/\/kursy.kodstylu.pl\/wp-content\/uploads\/edd\/2025\/09\/yt-2-89cu8ke-600x338.jpg 600w, https:\/\/kursy.kodstylu.pl\/wp-content\/uploads\/edd\/2025\/09\/yt-2-89cu8ke.jpg 1280w\" alt=\"\" width=\"1024\" height=\"576\" \/><\/a><\/figure>\n<p>Jakie tematy poruszymy podczas zaj\u0119\u0107?<\/p>\n<figure class=\"wp-block-image size-large\"><a href=\"https:\/\/kursy.kodstylu.pl\/wp-content\/uploads\/edd\/2025\/09\/Zrzut-ekranu-2025-09-09-091338-yzxhwk3.png\"><img loading=\"lazy\" decoding=\"async\" class=\"wp-image-52175\" src=\"https:\/\/kursy.kodstylu.pl\/wp-content\/uploads\/edd\/2025\/09\/Zrzut-ekranu-2025-09-09-091338-yzxhwk3-1024x658.png\" sizes=\"auto, (max-width: 1024px) 100vw, 1024px\" srcset=\"https:\/\/kursy.kodstylu.pl\/wp-content\/uploads\/edd\/2025\/09\/Zrzut-ekranu-2025-09-09-091338-yzxhwk3-1024x658.png 1024w, https:\/\/kursy.kodstylu.pl\/wp-content\/uploads\/edd\/2025\/09\/Zrzut-ekranu-2025-09-09-091338-yzxhwk3-300x193.png 300w, https:\/\/kursy.kodstylu.pl\/wp-content\/uploads\/edd\/2025\/09\/Zrzut-ekranu-2025-09-09-091338-yzxhwk3-768x493.png 768w, https:\/\/kursy.kodstylu.pl\/wp-content\/uploads\/edd\/2025\/09\/Zrzut-ekranu-2025-09-09-091338-yzxhwk3-600x385.png 600w, https:\/\/kursy.kodstylu.pl\/wp-content\/uploads\/edd\/2025\/09\/Zrzut-ekranu-2025-09-09-091338-yzxhwk3.png 1168w\" alt=\"\" width=\"1024\" height=\"658\" \/><\/a><\/figure>\n<figure class=\"wp-block-image size-large\"><a href=\"https:\/\/kursy.kodstylu.pl\/wp-content\/uploads\/edd\/2025\/09\/Zrzut-ekranu-2025-09-09-091808-bcktc7a.png\"><img loading=\"lazy\" decoding=\"async\" class=\"wp-image-52176\" src=\"https:\/\/kursy.kodstylu.pl\/wp-content\/uploads\/edd\/2025\/09\/Zrzut-ekranu-2025-09-09-091808-bcktc7a-1024x360.png\" sizes=\"auto, (max-width: 1024px) 100vw, 1024px\" srcset=\"https:\/\/kursy.kodstylu.pl\/wp-content\/uploads\/edd\/2025\/09\/Zrzut-ekranu-2025-09-09-091808-bcktc7a-1024x360.png 1024w, https:\/\/kursy.kodstylu.pl\/wp-content\/uploads\/edd\/2025\/09\/Zrzut-ekranu-2025-09-09-091808-bcktc7a-300x105.png 300w, https:\/\/kursy.kodstylu.pl\/wp-content\/uploads\/edd\/2025\/09\/Zrzut-ekranu-2025-09-09-091808-bcktc7a-768x270.png 768w, https:\/\/kursy.kodstylu.pl\/wp-content\/uploads\/edd\/2025\/09\/Zrzut-ekranu-2025-09-09-091808-bcktc7a-600x211.png 600w, https:\/\/kursy.kodstylu.pl\/wp-content\/uploads\/edd\/2025\/09\/Zrzut-ekranu-2025-09-09-091808-bcktc7a.png 1096w\" alt=\"\" width=\"1024\" height=\"360\" \/><\/a><\/figure>\n<p><strong>Nie zostajesz z nauk\u0105 sama!<\/strong><\/p>\n<p><strong>Mam dla Ciebie tak\u017ce co\u015b specjalnego, czyli sesje Q&amp;A<\/strong><\/p>\n<p>Kurs ma na celu w pe\u0142ni przygotowa\u0107 Ci\u0119 do rozwijania swojej firmy, dlatego\u00a0<strong>odpowiem na ka\u017cde Twoje pytanie<\/strong>\u00a0przez czas trwania kursu podczas spotka\u0144 na \u017cywo! Spotkamy si\u0119 na platformie Zoom.<\/p>\n<p>Program to nie tylko wiedza, ale mo\u017cliwo\u015b\u0107 korzystania z mojego do\u015bwiadczenia i konsultowania ze mna pocz\u0105tk\u00f3w swojej dzia\u0142alno\u015bci.<\/p>\n<p><strong>Potrzebujesz wi\u0119cej rat? Napisz na maila<\/strong><a href=\"mailto:biuro@kodstylu.pl\"><strong>\u00a0biuro@kodstylu.pl<\/strong><\/a><\/p>\n","protected":false},"excerpt":{"rendered":"<p>Naucz si\u0119 jak prowadzi\u0107 i rozwija\u0107 firm\u0119 osobistej stylistki lub kolorystki. Ju\u017c od 150 z\u0142 miesi\u0119cznie dzi\u0119ki p\u0142atno\u015bci ratalnej.<\/p>\n","protected":false},"featured_media":30937,"comment_status":"open","ping_status":"closed","template":"","meta":[],"product_brand":[],"product_cat":[50],"product_tag":[],"class_list":{"0":"post-30936","1":"product","2":"type-product","3":"status-publish","4":"has-post-thumbnail","6":"product_cat-szkolenie-ze-stylizacji","8":"first","9":"instock","10":"virtual","11":"taxable","12":"purchasable","13":"product-type-simple"},"yoast_head":"<!-- This site is optimized with the Yoast SEO plugin v27.4 - https:\/\/yoast.com\/product\/yoast-seo-wordpress\/ -->\n<title>Szkolenie biznesowe dla stylistki Dochodowy Biznes stylistkiKod Stylu<\/title>\n<meta name=\"description\" content=\"Program online dla stylistki Dochodowy Biznes Stylistki nauczy Ci\u0119, jak prowadzi\u0107 i rozwija\u0107 firm\u0119 osobistek stylistki lub kolorystki\" \/>\n<meta name=\"robots\" content=\"index, follow, max-snippet:-1, max-image-preview:large, max-video-preview:-1\" \/>\n<link rel=\"canonical\" href=\"https:\/\/kodstylu.pl\/sklep\/product\/dbs\/\" \/>\n<meta property=\"og:locale\" content=\"pl_PL\" \/>\n<meta property=\"og:type\" content=\"article\" \/>\n<meta property=\"og:title\" content=\"Szkolenie biznesowe dla stylistki Dochodowy Biznes stylistkiKod Stylu\" \/>\n<meta property=\"og:description\" content=\"Program online dla stylistki Dochodowy Biznes Stylistki nauczy Ci\u0119, jak prowadzi\u0107 i rozwija\u0107 firm\u0119 osobistek stylistki lub kolorystki\" \/>\n<meta property=\"og:url\" content=\"https:\/\/kodstylu.pl\/sklep\/product\/dbs\/\" \/>\n<meta property=\"og:site_name\" content=\"Kod Stylu\" \/>\n<meta property=\"article:modified_time\" content=\"2026-03-26T16:35:03+00:00\" \/>\n<meta property=\"og:image\" content=\"https:\/\/kodstylu.pl\/sklep\/wp-content\/uploads\/2025\/09\/LOGO-2.png\" \/>\n\t<meta property=\"og:image:width\" content=\"600\" \/>\n\t<meta property=\"og:image:height\" content=\"600\" \/>\n\t<meta property=\"og:image:type\" content=\"image\/png\" \/>\n<meta name=\"twitter:card\" content=\"summary_large_image\" \/>\n<meta name=\"twitter:label1\" content=\"Szacowany czas czytania\" \/>\n\t<meta name=\"twitter:data1\" content=\"2 minuty\" \/>\n<script type=\"application\/ld+json\" class=\"yoast-schema-graph\">{\"@context\":\"https:\\\/\\\/schema.org\",\"@graph\":[{\"@type\":\"WebPage\",\"@id\":\"https:\\\/\\\/kodstylu.pl\\\/sklep\\\/product\\\/dbs\\\/\",\"url\":\"https:\\\/\\\/kodstylu.pl\\\/sklep\\\/product\\\/dbs\\\/\",\"name\":\"Szkolenie biznesowe dla stylistki Dochodowy Biznes stylistkiKod Stylu\",\"isPartOf\":{\"@id\":\"https:\\\/\\\/kodstylu.pl\\\/sklep\\\/#website\"},\"primaryImageOfPage\":{\"@id\":\"https:\\\/\\\/kodstylu.pl\\\/sklep\\\/product\\\/dbs\\\/#primaryimage\"},\"image\":{\"@id\":\"https:\\\/\\\/kodstylu.pl\\\/sklep\\\/product\\\/dbs\\\/#primaryimage\"},\"thumbnailUrl\":\"https:\\\/\\\/kodstylu.pl\\\/sklep\\\/wp-content\\\/uploads\\\/2025\\\/09\\\/LOGO-2.png\",\"datePublished\":\"2025-09-13T07:46:29+00:00\",\"dateModified\":\"2026-03-26T16:35:03+00:00\",\"description\":\"Program online dla stylistki Dochodowy Biznes Stylistki nauczy Ci\u0119, jak prowadzi\u0107 i rozwija\u0107 firm\u0119 osobistek stylistki lub kolorystki\",\"breadcrumb\":{\"@id\":\"https:\\\/\\\/kodstylu.pl\\\/sklep\\\/product\\\/dbs\\\/#breadcrumb\"},\"inLanguage\":\"pl-PL\",\"potentialAction\":[{\"@type\":\"ReadAction\",\"target\":[\"https:\\\/\\\/kodstylu.pl\\\/sklep\\\/product\\\/dbs\\\/\"]}]},{\"@type\":\"ImageObject\",\"inLanguage\":\"pl-PL\",\"@id\":\"https:\\\/\\\/kodstylu.pl\\\/sklep\\\/product\\\/dbs\\\/#primaryimage\",\"url\":\"https:\\\/\\\/kodstylu.pl\\\/sklep\\\/wp-content\\\/uploads\\\/2025\\\/09\\\/LOGO-2.png\",\"contentUrl\":\"https:\\\/\\\/kodstylu.pl\\\/sklep\\\/wp-content\\\/uploads\\\/2025\\\/09\\\/LOGO-2.png\",\"width\":600,\"height\":600},{\"@type\":\"BreadcrumbList\",\"@id\":\"https:\\\/\\\/kodstylu.pl\\\/sklep\\\/product\\\/dbs\\\/#breadcrumb\",\"itemListElement\":[{\"@type\":\"ListItem\",\"position\":1,\"name\":\"Strona g\u0142\u00f3wna\",\"item\":\"https:\\\/\\\/kodstylu.pl\\\/sklep\\\/\"},{\"@type\":\"ListItem\",\"position\":2,\"name\":\"Sklep\",\"item\":\"https:\\\/\\\/kodstylu.pl\\\/sklep\\\/sklep\\\/\"},{\"@type\":\"ListItem\",\"position\":3,\"name\":\"Dochodowy Biznes Stylistki\"}]},{\"@type\":\"WebSite\",\"@id\":\"https:\\\/\\\/kodstylu.pl\\\/sklep\\\/#website\",\"url\":\"https:\\\/\\\/kodstylu.pl\\\/sklep\\\/\",\"name\":\"Kod Stylu\",\"description\":\"Osobista Stylistka, Szkolenia dla stylistek\",\"potentialAction\":[{\"@type\":\"SearchAction\",\"target\":{\"@type\":\"EntryPoint\",\"urlTemplate\":\"https:\\\/\\\/kodstylu.pl\\\/sklep\\\/?s={search_term_string}\"},\"query-input\":{\"@type\":\"PropertyValueSpecification\",\"valueRequired\":true,\"valueName\":\"search_term_string\"}}],\"inLanguage\":\"pl-PL\"}]}<\/script>\n<!-- \/ Yoast SEO plugin. -->","yoast_head_json":{"title":"Szkolenie biznesowe dla stylistki Dochodowy Biznes stylistkiKod Stylu","description":"Program online dla stylistki Dochodowy Biznes Stylistki nauczy Ci\u0119, jak prowadzi\u0107 i rozwija\u0107 firm\u0119 osobistek stylistki lub kolorystki","robots":{"index":"index","follow":"follow","max-snippet":"max-snippet:-1","max-image-preview":"max-image-preview:large","max-video-preview":"max-video-preview:-1"},"canonical":"https:\/\/kodstylu.pl\/sklep\/product\/dbs\/","og_locale":"pl_PL","og_type":"article","og_title":"Szkolenie biznesowe dla stylistki Dochodowy Biznes stylistkiKod Stylu","og_description":"Program online dla stylistki Dochodowy Biznes Stylistki nauczy Ci\u0119, jak prowadzi\u0107 i rozwija\u0107 firm\u0119 osobistek stylistki lub kolorystki","og_url":"https:\/\/kodstylu.pl\/sklep\/product\/dbs\/","og_site_name":"Kod Stylu","article_modified_time":"2026-03-26T16:35:03+00:00","og_image":[{"width":600,"height":600,"url":"https:\/\/kodstylu.pl\/sklep\/wp-content\/uploads\/2025\/09\/LOGO-2.png","type":"image\/png"}],"twitter_card":"summary_large_image","twitter_misc":{"Szacowany czas czytania":"2 minuty"},"schema":{"@context":"https:\/\/schema.org","@graph":[{"@type":"WebPage","@id":"https:\/\/kodstylu.pl\/sklep\/product\/dbs\/","url":"https:\/\/kodstylu.pl\/sklep\/product\/dbs\/","name":"Szkolenie biznesowe dla stylistki Dochodowy Biznes stylistkiKod Stylu","isPartOf":{"@id":"https:\/\/kodstylu.pl\/sklep\/#website"},"primaryImageOfPage":{"@id":"https:\/\/kodstylu.pl\/sklep\/product\/dbs\/#primaryimage"},"image":{"@id":"https:\/\/kodstylu.pl\/sklep\/product\/dbs\/#primaryimage"},"thumbnailUrl":"https:\/\/kodstylu.pl\/sklep\/wp-content\/uploads\/2025\/09\/LOGO-2.png","datePublished":"2025-09-13T07:46:29+00:00","dateModified":"2026-03-26T16:35:03+00:00","description":"Program online dla stylistki Dochodowy Biznes Stylistki nauczy Ci\u0119, jak prowadzi\u0107 i rozwija\u0107 firm\u0119 osobistek stylistki lub kolorystki","breadcrumb":{"@id":"https:\/\/kodstylu.pl\/sklep\/product\/dbs\/#breadcrumb"},"inLanguage":"pl-PL","potentialAction":[{"@type":"ReadAction","target":["https:\/\/kodstylu.pl\/sklep\/product\/dbs\/"]}]},{"@type":"ImageObject","inLanguage":"pl-PL","@id":"https:\/\/kodstylu.pl\/sklep\/product\/dbs\/#primaryimage","url":"https:\/\/kodstylu.pl\/sklep\/wp-content\/uploads\/2025\/09\/LOGO-2.png","contentUrl":"https:\/\/kodstylu.pl\/sklep\/wp-content\/uploads\/2025\/09\/LOGO-2.png","width":600,"height":600},{"@type":"BreadcrumbList","@id":"https:\/\/kodstylu.pl\/sklep\/product\/dbs\/#breadcrumb","itemListElement":[{"@type":"ListItem","position":1,"name":"Strona g\u0142\u00f3wna","item":"https:\/\/kodstylu.pl\/sklep\/"},{"@type":"ListItem","position":2,"name":"Sklep","item":"https:\/\/kodstylu.pl\/sklep\/sklep\/"},{"@type":"ListItem","position":3,"name":"Dochodowy Biznes Stylistki"}]},{"@type":"WebSite","@id":"https:\/\/kodstylu.pl\/sklep\/#website","url":"https:\/\/kodstylu.pl\/sklep\/","name":"Kod Stylu","description":"Osobista Stylistka, Szkolenia dla stylistek","potentialAction":[{"@type":"SearchAction","target":{"@type":"EntryPoint","urlTemplate":"https:\/\/kodstylu.pl\/sklep\/?s={search_term_string}"},"query-input":{"@type":"PropertyValueSpecification","valueRequired":true,"valueName":"search_term_string"}}],"inLanguage":"pl-PL"}]}},"_links":{"self":[{"href":"https:\/\/kodstylu.pl\/sklep\/wp-json\/wp\/v2\/product\/30936","targetHints":{"allow":["GET"]}}],"collection":[{"href":"https:\/\/kodstylu.pl\/sklep\/wp-json\/wp\/v2\/product"}],"about":[{"href":"https:\/\/kodstylu.pl\/sklep\/wp-json\/wp\/v2\/types\/product"}],"replies":[{"embeddable":true,"href":"https:\/\/kodstylu.pl\/sklep\/wp-json\/wp\/v2\/comments?post=30936"}],"wp:featuredmedia":[{"embeddable":true,"href":"https:\/\/kodstylu.pl\/sklep\/wp-json\/wp\/v2\/media\/30937"}],"wp:attachment":[{"href":"https:\/\/kodstylu.pl\/sklep\/wp-json\/wp\/v2\/media?parent=30936"}],"wp:term":[{"taxonomy":"product_brand","embeddable":true,"href":"https:\/\/kodstylu.pl\/sklep\/wp-json\/wp\/v2\/product_brand?post=30936"},{"taxonomy":"product_cat","embeddable":true,"href":"https:\/\/kodstylu.pl\/sklep\/wp-json\/wp\/v2\/product_cat?post=30936"},{"taxonomy":"product_tag","embeddable":true,"href":"https:\/\/kodstylu.pl\/sklep\/wp-json\/wp\/v2\/product_tag?post=30936"}],"curies":[{"name":"wp","href":"https:\/\/api.w.org\/{rel}","templated":true}]}}