{"id":2919,"date":"2019-10-03T12:49:48","date_gmt":"2019-10-03T10:49:48","guid":{"rendered":"https:\/\/kodstylu.pl\/sklep\/?post_type=product&#038;p=2919"},"modified":"2025-12-18T17:17:52","modified_gmt":"2025-12-18T16:17:52","slug":"e-book-ubierz-sie-w-kolor","status":"publish","type":"product","link":"https:\/\/kodstylu.pl\/sklep\/product\/e-book-ubierz-sie-w-kolor\/","title":{"rendered":"E-book: Ubierz si\u0119 w kolor."},"content":{"rendered":"<h1><strong><em>Ubierz si\u0119 w kolor. Tajniki analizy kolorystycznej<\/em>\u00a0<\/strong><\/h1>\n<p>Masz do\u015b\u0107 monotonii w szafie? Nosisz tylko czernie i szaro\u015bci, bo tak jest bezpiecznie?<br \/>\nNie wiesz, jakie kolory pasuj\u0105 do Twojego typu urody? <strong>Ubierz si\u0119 w kolor razem z Kodem Stylu.<\/strong><\/p>\n<p>Dzi\u0119ki tej ksi\u0105\u017cce:<\/p>\n<ul>\n<li>dodasz sk\u00f3rze blasku i podkre\u015blisz jej naturalny koloryt<\/li>\n<li>stworzysz sw\u00f3j indywidualny styl<\/li>\n<li>znikn\u0105 problemy z komponowaniem codziennego stroju<\/li>\n<li>zaoszcz\u0119dzisz mn\u00f3stwo czasu i pieni\u0119dzy<\/li>\n<\/ul>\n<h2><strong><em>Ubierz si\u0119 w kolor<\/em> to&#8230;<\/strong><\/h2>\n<p>niezwyk\u0142a publikacja, kt\u00f3ra wprowadzi Ci\u0119 w fascynuj\u0105cy \u015bwiat koloru, znany jedynie specjalistom. W trakcie czytania zapoznasz si\u0119 z analiz\u0105 kolorystyczn\u0105 opart\u0105 na 12 typach kolorystycznych i nauczysz si\u0119 \u015bwiadomie wykorzystywa\u0107 barwy.<\/p>\n<p><span class=\"big\">Co warto wiedzie\u0107: mo\u017cesz nosi\u0107 ka\u017cdy kolor. <\/span>Kluczowy jest jednak jego odcie\u0144. \u0179le dobrany postarza, ukazuje niedoskona\u0142o\u015bci sk\u00f3ry, gasi jej naturalny odcie\u0144 oraz uwypukla cienie pod oczami. Natomiast dobrze dobrany \u2013 potrafi zdzia\u0142a\u0107 cuda.<\/p>\n<p>Je\u015bli jeszcze si\u0119 wahasz lub jeste\u015b po prostu ciekawa, czego mo\u017cesz si\u0119 spodziewa\u0107, pobierz bezp\u0142atny fragment e-booka<\/p>\n<p><a href=\"https:\/\/dashboard.mailerlite.com\/forms\/279319\/110804090363053077\/share\" target=\"_blank\" rel=\"noopener\"><img loading=\"lazy\" decoding=\"async\" class=\"alignnone wp-image-29508\" src=\"https:\/\/kodstylu.pl\/sklep\/wp-content\/uploads\/2018\/08\/POBIERZ-1-e1705673476710-300x83.png\" alt=\"\" width=\"224\" height=\"62\" srcset=\"https:\/\/kodstylu.pl\/sklep\/wp-content\/uploads\/2018\/08\/POBIERZ-1-e1705673476710-300x83.png 300w, https:\/\/kodstylu.pl\/sklep\/wp-content\/uploads\/2018\/08\/POBIERZ-1-e1705673476710-600x167.png 600w, https:\/\/kodstylu.pl\/sklep\/wp-content\/uploads\/2018\/08\/POBIERZ-1-e1705673476710-768x213.png 768w, https:\/\/kodstylu.pl\/sklep\/wp-content\/uploads\/2018\/08\/POBIERZ-1-e1705673476710-1024x284.png 1024w, https:\/\/kodstylu.pl\/sklep\/wp-content\/uploads\/2018\/08\/POBIERZ-1-e1705673476710-247x69.png 247w, https:\/\/kodstylu.pl\/sklep\/wp-content\/uploads\/2018\/08\/POBIERZ-1-e1705673476710-510x142.png 510w, https:\/\/kodstylu.pl\/sklep\/wp-content\/uploads\/2018\/08\/POBIERZ-1-e1705673476710.png 1080w\" sizes=\"auto, (max-width: 224px) 100vw, 224px\" \/><\/a><\/p>\n<p>Je\u017celi czujesz niedosyt, zapraszamy do lektury<a href=\"https:\/\/kodstylu.pl\/sklep\/product\/e-book-stylowy-wizerunek-w-pracy-zeszyt-cwiczen\/\"> Stylowy wizerunek w pracy. Zeszyt \u0107wicze\u0144<\/a>.<\/p>\n<p>Pot\u0119\u017cnej dawki inspiracji mo\u017cesz szuka\u0107 <a href=\"https:\/\/www.facebook.com\/kodstylu\" target=\"_blank\" rel=\"noopener\">na naszym facebooku <\/a>oraz\u00a0<a href=\"https:\/\/www.instagram.com\/kodstylu\/\" target=\"_blank\" rel=\"noopener\">instagramie.<\/a><\/p>\n<p><strong>Ksi\u0105\u017cka w formie elektronicznej: PDF. Wydawca: Aleksandra Fr\u0105tczak-Bi\u015b Osobista Stylistka, 2019<\/strong><\/p>\n","protected":false},"excerpt":{"rendered":"<p><span style=\"font-size: 75%;\">To jest najlepsza cena z ostatnich 30 dni<\/span><\/p>\n<p><strong><em>Ubierz si\u0119 w kolor\u00a0<\/em> to niezwyk\u0142a publikacja, kt\u00f3ra wprowadzi Ci\u0119 w fascynuj\u0105cy \u015bwiat koloru, znany jedynie specjalistom.<\/strong> Pozwoli zapozna\u0107 si\u0119 z analiz\u0105 kolorystyczn\u0105 opart\u0105 na 12 typach kolorystycznych i nauczy jak \u015bwiadomie wykorzystywa\u0107 barwy.<\/p>\n","protected":false},"featured_media":29305,"comment_status":"open","ping_status":"closed","template":"","meta":[],"product_brand":[],"product_cat":[25],"product_tag":[],"class_list":{"0":"post-2919","1":"product","2":"type-product","3":"status-publish","4":"has-post-thumbnail","6":"product_cat-ksiazki","8":"first","9":"instock","10":"downloadable","11":"virtual","12":"taxable","13":"purchasable","14":"product-type-simple"},"yoast_head":"<!-- This site is optimized with the Yoast SEO plugin v27.4 - https:\/\/yoast.com\/product\/yoast-seo-wordpress\/ -->\n<title>E-book: Ubierz si\u0119 w kolor. - Kod Stylu<\/title>\n<meta name=\"description\" content=\"Ubierz si\u0119 w kolor\u00a0to niezwyk\u0142a publikacja, kt\u00f3ra wprowadzi Ci\u0119 w fascynuj\u0105cy \u015bwiat koloru, znany jedynie specjalistom.\" \/>\n<meta name=\"robots\" content=\"index, follow, max-snippet:-1, max-image-preview:large, max-video-preview:-1\" \/>\n<link rel=\"canonical\" href=\"https:\/\/kodstylu.pl\/sklep\/product\/e-book-ubierz-sie-w-kolor\/\" \/>\n<meta property=\"og:locale\" content=\"pl_PL\" \/>\n<meta property=\"og:type\" content=\"article\" \/>\n<meta property=\"og:title\" content=\"E-book: Ubierz si\u0119 w kolor. - Kod Stylu\" \/>\n<meta property=\"og:description\" content=\"Ubierz si\u0119 w kolor\u00a0to niezwyk\u0142a publikacja, kt\u00f3ra wprowadzi Ci\u0119 w fascynuj\u0105cy \u015bwiat koloru, znany jedynie specjalistom.\" \/>\n<meta property=\"og:url\" content=\"https:\/\/kodstylu.pl\/sklep\/product\/e-book-ubierz-sie-w-kolor\/\" \/>\n<meta property=\"og:site_name\" content=\"Kod Stylu\" \/>\n<meta property=\"article:modified_time\" content=\"2025-12-18T16:17:52+00:00\" \/>\n<meta property=\"og:image\" content=\"https:\/\/kodstylu.pl\/sklep\/wp-content\/uploads\/2019\/10\/37.png\" \/>\n\t<meta property=\"og:image:width\" content=\"1080\" \/>\n\t<meta property=\"og:image:height\" content=\"1080\" \/>\n\t<meta property=\"og:image:type\" content=\"image\/png\" \/>\n<meta name=\"twitter:card\" content=\"summary_large_image\" \/>\n<meta name=\"twitter:label1\" content=\"Szacowany czas czytania\" \/>\n\t<meta name=\"twitter:data1\" content=\"2 minuty\" \/>\n<script type=\"application\/ld+json\" class=\"yoast-schema-graph\">{\"@context\":\"https:\\\/\\\/schema.org\",\"@graph\":[{\"@type\":\"WebPage\",\"@id\":\"https:\\\/\\\/kodstylu.pl\\\/sklep\\\/product\\\/e-book-ubierz-sie-w-kolor\\\/\",\"url\":\"https:\\\/\\\/kodstylu.pl\\\/sklep\\\/product\\\/e-book-ubierz-sie-w-kolor\\\/\",\"name\":\"E-book: Ubierz si\u0119 w kolor. - Kod Stylu\",\"isPartOf\":{\"@id\":\"https:\\\/\\\/kodstylu.pl\\\/sklep\\\/#website\"},\"primaryImageOfPage\":{\"@id\":\"https:\\\/\\\/kodstylu.pl\\\/sklep\\\/product\\\/e-book-ubierz-sie-w-kolor\\\/#primaryimage\"},\"image\":{\"@id\":\"https:\\\/\\\/kodstylu.pl\\\/sklep\\\/product\\\/e-book-ubierz-sie-w-kolor\\\/#primaryimage\"},\"thumbnailUrl\":\"https:\\\/\\\/kodstylu.pl\\\/sklep\\\/wp-content\\\/uploads\\\/2019\\\/10\\\/37.png\",\"datePublished\":\"2019-10-03T10:49:48+00:00\",\"dateModified\":\"2025-12-18T16:17:52+00:00\",\"description\":\"Ubierz si\u0119 w kolor\u00a0to niezwyk\u0142a publikacja, kt\u00f3ra wprowadzi Ci\u0119 w fascynuj\u0105cy \u015bwiat koloru, znany jedynie specjalistom.\",\"breadcrumb\":{\"@id\":\"https:\\\/\\\/kodstylu.pl\\\/sklep\\\/product\\\/e-book-ubierz-sie-w-kolor\\\/#breadcrumb\"},\"inLanguage\":\"pl-PL\",\"potentialAction\":[{\"@type\":\"ReadAction\",\"target\":[\"https:\\\/\\\/kodstylu.pl\\\/sklep\\\/product\\\/e-book-ubierz-sie-w-kolor\\\/\"]}]},{\"@type\":\"ImageObject\",\"inLanguage\":\"pl-PL\",\"@id\":\"https:\\\/\\\/kodstylu.pl\\\/sklep\\\/product\\\/e-book-ubierz-sie-w-kolor\\\/#primaryimage\",\"url\":\"https:\\\/\\\/kodstylu.pl\\\/sklep\\\/wp-content\\\/uploads\\\/2019\\\/10\\\/37.png\",\"contentUrl\":\"https:\\\/\\\/kodstylu.pl\\\/sklep\\\/wp-content\\\/uploads\\\/2019\\\/10\\\/37.png\",\"width\":1080,\"height\":1080},{\"@type\":\"BreadcrumbList\",\"@id\":\"https:\\\/\\\/kodstylu.pl\\\/sklep\\\/product\\\/e-book-ubierz-sie-w-kolor\\\/#breadcrumb\",\"itemListElement\":[{\"@type\":\"ListItem\",\"position\":1,\"name\":\"Strona g\u0142\u00f3wna\",\"item\":\"https:\\\/\\\/kodstylu.pl\\\/sklep\\\/\"},{\"@type\":\"ListItem\",\"position\":2,\"name\":\"Sklep\",\"item\":\"https:\\\/\\\/kodstylu.pl\\\/sklep\\\/sklep\\\/\"},{\"@type\":\"ListItem\",\"position\":3,\"name\":\"E-book: Ubierz si\u0119 w kolor.\"}]},{\"@type\":\"WebSite\",\"@id\":\"https:\\\/\\\/kodstylu.pl\\\/sklep\\\/#website\",\"url\":\"https:\\\/\\\/kodstylu.pl\\\/sklep\\\/\",\"name\":\"Kod Stylu\",\"description\":\"Osobista Stylistka, Szkolenia dla stylistek\",\"potentialAction\":[{\"@type\":\"SearchAction\",\"target\":{\"@type\":\"EntryPoint\",\"urlTemplate\":\"https:\\\/\\\/kodstylu.pl\\\/sklep\\\/?s={search_term_string}\"},\"query-input\":{\"@type\":\"PropertyValueSpecification\",\"valueRequired\":true,\"valueName\":\"search_term_string\"}}],\"inLanguage\":\"pl-PL\"}]}<\/script>\n<!-- \/ Yoast SEO plugin. -->","yoast_head_json":{"title":"E-book: Ubierz si\u0119 w kolor. - Kod Stylu","description":"Ubierz si\u0119 w kolor\u00a0to niezwyk\u0142a publikacja, kt\u00f3ra wprowadzi Ci\u0119 w fascynuj\u0105cy \u015bwiat koloru, znany jedynie specjalistom.","robots":{"index":"index","follow":"follow","max-snippet":"max-snippet:-1","max-image-preview":"max-image-preview:large","max-video-preview":"max-video-preview:-1"},"canonical":"https:\/\/kodstylu.pl\/sklep\/product\/e-book-ubierz-sie-w-kolor\/","og_locale":"pl_PL","og_type":"article","og_title":"E-book: Ubierz si\u0119 w kolor. - Kod Stylu","og_description":"Ubierz si\u0119 w kolor\u00a0to niezwyk\u0142a publikacja, kt\u00f3ra wprowadzi Ci\u0119 w fascynuj\u0105cy \u015bwiat koloru, znany jedynie specjalistom.","og_url":"https:\/\/kodstylu.pl\/sklep\/product\/e-book-ubierz-sie-w-kolor\/","og_site_name":"Kod Stylu","article_modified_time":"2025-12-18T16:17:52+00:00","og_image":[{"width":1080,"height":1080,"url":"https:\/\/kodstylu.pl\/sklep\/wp-content\/uploads\/2019\/10\/37.png","type":"image\/png"}],"twitter_card":"summary_large_image","twitter_misc":{"Szacowany czas czytania":"2 minuty"},"schema":{"@context":"https:\/\/schema.org","@graph":[{"@type":"WebPage","@id":"https:\/\/kodstylu.pl\/sklep\/product\/e-book-ubierz-sie-w-kolor\/","url":"https:\/\/kodstylu.pl\/sklep\/product\/e-book-ubierz-sie-w-kolor\/","name":"E-book: Ubierz si\u0119 w kolor. - Kod Stylu","isPartOf":{"@id":"https:\/\/kodstylu.pl\/sklep\/#website"},"primaryImageOfPage":{"@id":"https:\/\/kodstylu.pl\/sklep\/product\/e-book-ubierz-sie-w-kolor\/#primaryimage"},"image":{"@id":"https:\/\/kodstylu.pl\/sklep\/product\/e-book-ubierz-sie-w-kolor\/#primaryimage"},"thumbnailUrl":"https:\/\/kodstylu.pl\/sklep\/wp-content\/uploads\/2019\/10\/37.png","datePublished":"2019-10-03T10:49:48+00:00","dateModified":"2025-12-18T16:17:52+00:00","description":"Ubierz si\u0119 w kolor\u00a0to niezwyk\u0142a publikacja, kt\u00f3ra wprowadzi Ci\u0119 w fascynuj\u0105cy \u015bwiat koloru, znany jedynie specjalistom.","breadcrumb":{"@id":"https:\/\/kodstylu.pl\/sklep\/product\/e-book-ubierz-sie-w-kolor\/#breadcrumb"},"inLanguage":"pl-PL","potentialAction":[{"@type":"ReadAction","target":["https:\/\/kodstylu.pl\/sklep\/product\/e-book-ubierz-sie-w-kolor\/"]}]},{"@type":"ImageObject","inLanguage":"pl-PL","@id":"https:\/\/kodstylu.pl\/sklep\/product\/e-book-ubierz-sie-w-kolor\/#primaryimage","url":"https:\/\/kodstylu.pl\/sklep\/wp-content\/uploads\/2019\/10\/37.png","contentUrl":"https:\/\/kodstylu.pl\/sklep\/wp-content\/uploads\/2019\/10\/37.png","width":1080,"height":1080},{"@type":"BreadcrumbList","@id":"https:\/\/kodstylu.pl\/sklep\/product\/e-book-ubierz-sie-w-kolor\/#breadcrumb","itemListElement":[{"@type":"ListItem","position":1,"name":"Strona g\u0142\u00f3wna","item":"https:\/\/kodstylu.pl\/sklep\/"},{"@type":"ListItem","position":2,"name":"Sklep","item":"https:\/\/kodstylu.pl\/sklep\/sklep\/"},{"@type":"ListItem","position":3,"name":"E-book: Ubierz si\u0119 w kolor."}]},{"@type":"WebSite","@id":"https:\/\/kodstylu.pl\/sklep\/#website","url":"https:\/\/kodstylu.pl\/sklep\/","name":"Kod Stylu","description":"Osobista Stylistka, Szkolenia dla stylistek","potentialAction":[{"@type":"SearchAction","target":{"@type":"EntryPoint","urlTemplate":"https:\/\/kodstylu.pl\/sklep\/?s={search_term_string}"},"query-input":{"@type":"PropertyValueSpecification","valueRequired":true,"valueName":"search_term_string"}}],"inLanguage":"pl-PL"}]}},"_links":{"self":[{"href":"https:\/\/kodstylu.pl\/sklep\/wp-json\/wp\/v2\/product\/2919","targetHints":{"allow":["GET"]}}],"collection":[{"href":"https:\/\/kodstylu.pl\/sklep\/wp-json\/wp\/v2\/product"}],"about":[{"href":"https:\/\/kodstylu.pl\/sklep\/wp-json\/wp\/v2\/types\/product"}],"replies":[{"embeddable":true,"href":"https:\/\/kodstylu.pl\/sklep\/wp-json\/wp\/v2\/comments?post=2919"}],"wp:featuredmedia":[{"embeddable":true,"href":"https:\/\/kodstylu.pl\/sklep\/wp-json\/wp\/v2\/media\/29305"}],"wp:attachment":[{"href":"https:\/\/kodstylu.pl\/sklep\/wp-json\/wp\/v2\/media?parent=2919"}],"wp:term":[{"taxonomy":"product_brand","embeddable":true,"href":"https:\/\/kodstylu.pl\/sklep\/wp-json\/wp\/v2\/product_brand?post=2919"},{"taxonomy":"product_cat","embeddable":true,"href":"https:\/\/kodstylu.pl\/sklep\/wp-json\/wp\/v2\/product_cat?post=2919"},{"taxonomy":"product_tag","embeddable":true,"href":"https:\/\/kodstylu.pl\/sklep\/wp-json\/wp\/v2\/product_tag?post=2919"}],"curies":[{"name":"wp","href":"https:\/\/api.w.org\/{rel}","templated":true}]}}