{"id":281,"date":"2018-07-19T10:30:21","date_gmt":"2018-07-19T08:30:21","guid":{"rendered":"https:\/\/kodstylu.pl\/sklep\/?post_type=product&#038;p=281"},"modified":"2026-03-24T18:14:27","modified_gmt":"2026-03-24T17:14:27","slug":"zakupy-ze-stylistka","status":"publish","type":"product","link":"https:\/\/kodstylu.pl\/sklep\/product\/zakupy-ze-stylistka\/","title":{"rendered":"Zakupy ze stylistk\u0105"},"content":{"rendered":"<h1>Zakupy ze stylistk\u0105<\/h1>\n<p>Masz trudno\u015bci z wybieraniem odpowiednich ubra\u0144? Nie jeste\u015b pewna swojego stylu i chcesz pozna\u0107 tajniki jego tworzenia? Chcesz wiedzie\u0107, jakie fasony ubra\u0144 i rodzaj dodatk\u00f3w najlepiej do Ciebie pasuj\u0105? Co wi\u0119cej, lubisz oszcz\u0119dza\u0107 czas i pieni\u0105dze? <strong>Zakupy ze stylistk\u0105 to dla Ciebie nowo\u015b\u0107?<\/strong><\/p>\n<p>Spr\u00f3buj i przekonaj si\u0119 jakie to \u0142atwe i przyjemne! Spotkanie ze stylistk\u0105 to opcja dla tych os\u00f3b, kt\u00f3re nie lubi\u0105 zakup\u00f3w lub nie potrafi\u0105 odnale\u017a\u0107 si\u0119 w sklepach.<\/p>\n<h2><strong>Zakupy ze stylistk\u0105 &#8211; przebieg<\/strong><\/h2>\n<ul>\n<li>porozmawiamy na zoomie, aby\u015bmy mog\u0142y si\u0119 pozna\u0107 i ustali\u0107 szczeg\u00f3\u0142y<\/li>\n<li>na spotkaniu porozmawiamy o wizerunku, kt\u00f3ry b\u0119dzie sp\u00f3jny z osobowo\u015bci\u0105 i codziennymi obowi\u0105zkami,<\/li>\n<li>okre\u015bl\u0119 Tw\u00f3j typ sylwetki,<\/li>\n<li>dowiesz si\u0119, co mo\u017cesz zrobi\u0107, aby zatuszowa\u0107 niedoskona\u0142o\u015bci i uwydatni\u0107 swoje atuty,<\/li>\n<li>wyruszymy na polowanie \u2013 zakupy b\u0119d\u0105 proste, szybkie i bardzo efektowne,<\/li>\n<li>skupimy si\u0119 na wybraniu ca\u0142ych zestaw\u00f3w ubra\u0144, but\u00f3w i dodatk\u00f3w.<\/li>\n<\/ul>\n<p><strong>Czas trwania zakup\u00f3w stacjonarnych ze stylistk\u0105 to ok. 4-5 h<\/strong>. Skupiamy si\u0119 na oko\u0142o pi\u0119ciu wsp\u00f3lnie wybranych (na podstawie potrzeb, preferencji i bud\u017cetu) sklepach. Je\u017celi potrzebujesz zakup\u00f3w na konkretn\u0105 okazj\u0119 (kr\u00f3tszych), <a href=\"https:\/\/kodstylu.pl\/sklep\/kontakt\/\" target=\"_blank\" rel=\"noopener noreferrer\">napisz do nas,<\/a> przygotujemy ofert\u0119.<\/p>\n<p>W przypadku zakup\u00f3w online otrzymasz ode mnie linki do ubra\u0144, kt\u00f3re zam\u00f3wisz z dostaw\u0105 do domu. Po otrzymaniu przesy\u0142ek i przymiarkach mo\u017cliwa jest dodatkowa konsultacja online (komunikator lub e-mail) oraz jednokrotne dom\u00f3wienie brakuj\u0105cych\/ niepasuj\u0105cych ubra\u0144.<\/p>\n<p>Gwarantujemy, \u017ce ta us\u0142uga mo\u017ce zrewolucjonizowa\u0107 nie tylko Twoj\u0105 szaf\u0119, ale r\u00f3wnie\u017c Twoje \u017cycie i dotychczasowe pojmowanie mody. Co wi\u0119cej, posi\u0105dziesz wiedz\u0119, kt\u00f3r\u0105 b\u0119dziesz wykorzystywa\u0142a ka\u017cdego dnia przy tworzeniu stylizacji codziennych, jak r\u00f3wnie\u017c tych na wielkie wyj\u015bcia.<\/p>\n<p>Nauczysz si\u0119 jak robi\u0107 \u0142atwe i przyjemne zakupy. Dodatkowo przestaniesz marnowa\u0107 czas i pieni\u0105dze. Zaczniesz kupowa\u0107 ubrania, kt\u00f3re pasuj\u0105 do Twojego typu sylwetki. A co najwa\u017cniejsze poczujesz si\u0119 jak milion $!<\/p>\n<h2>Z kim odb\u0119dziesz to spotkanie?<\/h2>\n<div><a href=\"https:\/\/kodstylu.pl\/sklep\/wp-content\/uploads\/2018\/08\/paulapaulapaula.svg\"><img loading=\"lazy\" decoding=\"async\" class=\"alignnone wp-image-29379\" src=\"https:\/\/kodstylu.pl\/sklep\/wp-content\/uploads\/2018\/08\/paulapaulapaula.svg\" alt=\"\" width=\"325\" height=\"325\" \/><\/a><\/div>\n<div><\/div>\n<div class=\"TypographyPresentation TypographyPresentation--m RichText3-paragraph--withVSpacingNormal RichText3-paragraph\"><strong>Paulina Budek &#8211; <\/strong>stylistka w Zespole Kod Stylu. Uwielbia mod\u0119 i oryginalne po\u0142\u0105czenia kolorystyczne. Buszowanie pomi\u0119dzy wieszakami i uk\u0142adanie stylizacyjnych puzzli jest dla niej ogromn\u0105 przyjemno\u015bci\u0105.Najcz\u0119\u015bciej zadawane przez ni\u0105 pytanie w przymierzalni to: \u201eJak si\u0119 w tym czujesz?\u201d. Uwa\u017ca, \u017ce ubrania s\u0105 po to, by poprawia\u0107 komfort \u017cycia, a dobrze skomponowana szafa to spos\u00f3b na przyjemne poranki i \u0142atwiejsze \u017cycie.<\/div>\n<p>Je\u015bli przed zakupami potrzebujesz zrobi\u0107 porz\u0105dek w szafie, zapraszam Ci\u0119 na\u00a0<a href=\"https:\/\/kodstylu.pl\/sklep\/product\/przeglad-szafy\/\">przegl\u0105d szafy<\/a>.<\/p>\n<p>Rozpie\u015b\u0107 si\u0119 w pe\u0142ni i skorzystaj ze <a href=\"https:\/\/kodstylu.pl\/sklep\/product\/spersonalizowana-opieka-osobistej-stylistki\/\" target=\"_blank\" rel=\"noopener\">spersonalizowanej opieki osobistej stylistki<\/a>. 3-miesi\u0119czna metamorfoza odmieni nie tylko Tw\u00f3j wygl\u0105d, ale i wn\u0119trze. A je\u015bli jeste\u015b osob\u0105, kt\u00f3ra chce zrobi\u0107 mega metamorfoz\u0119 w szybkim czasie, napisz do nas na <a class=\"PrimaryLink BaseLink\" href=\"mailto:biuro@kodstylu.pl\" target=\"_blank\" rel=\"noreferrer noopener\">biuro@kodstylu.pl<\/a>, a ustalimy szybsz\u0105 drog\u0119 do uzyskania wymarzonego wygl\u0105du.<\/p>\n<p>Po wykupieniu us\u0142ugi, masz rok na jej realizacj\u0119.<\/p>\n<p data-pm-slice=\"1 1 []\">Z uwagi na du\u017ce zainteresowanie us\u0142ugami czas oczekiwania na spotkanie mo\u017ce si\u0119 wyd\u0142u\u017cy\u0107 do miesi\u0105ca. We\u017a to pod uwag\u0119 przy sk\u0142adaniu zam\u00f3wienia. Je\u015bli chcesz dowiedzie\u0107 si\u0119, jakie mamy najbli\u017csze wolne terminy, napisz na <a class=\"ProsemirrorEditor-link\" href=\"mailto:biuro@kodstylu.pl\">biuro@kodstylu.pl<\/a>.<\/p>\n<p>Pot\u0119\u017cnej dawki inspiracji mo\u017cesz szuka\u0107 <a href=\"https:\/\/www.facebook.com\/kodstylu\" target=\"_blank\" rel=\"noopener\">na naszym facebooku <\/a>oraz\u00a0<a href=\"https:\/\/www.instagram.com\/kodstylu\/\" target=\"_blank\" rel=\"noopener\">instagramie.<\/a><\/p>\n<h1>FAQ<\/h1>\n<ol>\n<li><strong>Czy zakupy online maj\u0105 sens? Czy nie s\u0105 gorsze od tych stacjonarnych?<\/strong> Oczywi\u015bcie, \u017ce maj\u0105 sens! Jestem zachwycona tym, \u017ce ka\u017cda osoba, niezale\u017cnie od miejsca zamieszkania mo\u017ce &#8222;p\u00f3j\u015b\u0107&#8221; ze mn\u0105 na zakupy! W wi\u0119kszo\u015bci przypadk\u00f3w mamy wi\u0119kszy wyb\u00f3r jest w sklepach online, ni\u017c stacjonarnie.<\/li>\n<li><strong>Co je\u015bli przyjd\u0105 ubrania, kt\u00f3re s\u0105 za ma\u0142e lub za du\u017ce, albo \u017ale le\u017c\u0105?<\/strong> Tym si\u0119 nie martw! \ud83d\ude42 Zawsze mo\u017cna zam\u00f3wi\u0107 rozmiar mniejszy czy wi\u0119kszy. Je\u015bli co\u015b b\u0119dzie na Tobie \u017ale wygl\u0105da\u0142o, znajdziemy co\u015b innego.<\/li>\n<li><strong>Czy zakupy online maj\u0105 jakie\u015b minusy?<\/strong> Sam proces zakupy jest wyd\u0142u\u017cony. Gdy widzimy si\u0119 stacjonarnie w ci\u0105gu kilku godzin wychodzisz ze sklepu z nowymi ubraniami. Zakupy online to d\u0142u\u017cszy proces, kt\u00f3ry czasem wymaga odsy\u0142ania i wymiany rzeczy. Jednak mo\u017cliwo\u015bci znalezienia rzeczy idealnych i niebanalnych jest du\u017co wi\u0119ksza w Internecie ni\u017c w centrach handlowych.<\/li>\n<li><strong>Ile mam czasu na skorzystanie z us\u0142ugi od momentu jej zakupienia?<\/strong>\u00a0Rok! Na pewno zd\u0105\u017cysz :).<\/li>\n<li><strong>Z czego wynikaj\u0105 r\u00f3\u017cnice w cenie?<\/strong> R\u00f3\u017cnice w cenie dotycz\u0105 jedynie miejsca wykonania us\u0142ugi.<\/li>\n<\/ol>\n","protected":false},"excerpt":{"rendered":"<p><span style=\"font-size: 75%;\">To jest najlepsza cena z ostatnich 30 dni<\/span><\/p>\n<p>Koniec z nietrafionymi zakupami. Koniec z nud\u0105 ubraniow\u0105, z\u0142ymi kolorami i fasonami. Koniec z godzinami po\u015bwi\u0119conymi na bezowocne przeszukiwanie wieszak\u00f3w. Koniec z frustracj\u0105. <strong>Wybierz si\u0119 na zakupy ze stylistk\u0105.<\/strong><\/p>\n<p><b>Wybierz wariant, w jakim mie\u015bcie maj\u0105 odby\u0107 si\u0119 zakupy. Je\u015bli w innym mie\u015bcie, skontaktuj si\u0119 z nami w sprawie wyceny.<\/b><\/p>\n<p>Masz pytania? <a href=\"https:\/\/kodstylu.pl\/sklep\/kontakt\/\" target=\"_blank\" rel=\"noopener noreferrer\">Kliknij tutaj.<\/a><\/p>\n<p>&nbsp;<\/p>\n","protected":false},"featured_media":30875,"comment_status":"open","ping_status":"closed","template":"","meta":[],"product_brand":[],"product_cat":[26],"product_tag":[],"class_list":{"0":"post-281","1":"product","2":"type-product","3":"status-publish","4":"has-post-thumbnail","6":"product_cat-uslugi","8":"first","9":"instock","10":"taxable","11":"shipping-taxable","12":"purchasable","13":"product-type-variable"},"yoast_head":"<!-- This site is optimized with the Yoast SEO plugin v27.4 - https:\/\/yoast.com\/product\/yoast-seo-wordpress\/ -->\n<title>Zakupy ze stylistk\u0105 - Kod Stylu<\/title>\n<meta name=\"description\" content=\"Zakupy ze stylistk\u0105 to us\u0142uga dla ka\u017cdego, kto ma trudno\u015bci z wybieraniem odpowiednich ubra\u0144. Spotkanie z personal shopperem to najlepsza opcja!\" \/>\n<meta name=\"robots\" content=\"index, follow, max-snippet:-1, max-image-preview:large, max-video-preview:-1\" \/>\n<link rel=\"canonical\" href=\"https:\/\/kodstylu.pl\/sklep\/product\/zakupy-ze-stylistka\/\" \/>\n<meta property=\"og:locale\" content=\"pl_PL\" \/>\n<meta property=\"og:type\" content=\"article\" \/>\n<meta property=\"og:title\" content=\"Zakupy ze stylistk\u0105 - Kod Stylu\" \/>\n<meta property=\"og:description\" content=\"Zakupy ze stylistk\u0105 to us\u0142uga dla ka\u017cdego, kto ma trudno\u015bci z wybieraniem odpowiednich ubra\u0144. Spotkanie z personal shopperem to najlepsza opcja!\" \/>\n<meta property=\"og:url\" content=\"https:\/\/kodstylu.pl\/sklep\/product\/zakupy-ze-stylistka\/\" \/>\n<meta property=\"og:site_name\" content=\"Kod Stylu\" \/>\n<meta property=\"article:modified_time\" content=\"2026-03-24T17:14:27+00:00\" \/>\n<meta property=\"og:image\" content=\"https:\/\/kodstylu.pl\/sklep\/wp-content\/uploads\/2025\/07\/kodstylu_marzenaszaflik_wersja-2.0-2.jpg\" \/>\n\t<meta property=\"og:image:width\" content=\"2000\" \/>\n\t<meta property=\"og:image:height\" content=\"1335\" \/>\n\t<meta property=\"og:image:type\" content=\"image\/jpeg\" \/>\n<meta name=\"twitter:card\" content=\"summary_large_image\" \/>\n<meta name=\"twitter:label1\" content=\"Szacowany czas czytania\" \/>\n\t<meta name=\"twitter:data1\" content=\"5 minut\" \/>\n<script type=\"application\/ld+json\" class=\"yoast-schema-graph\">{\"@context\":\"https:\\\/\\\/schema.org\",\"@graph\":[{\"@type\":\"WebPage\",\"@id\":\"https:\\\/\\\/kodstylu.pl\\\/sklep\\\/product\\\/zakupy-ze-stylistka\\\/\",\"url\":\"https:\\\/\\\/kodstylu.pl\\\/sklep\\\/product\\\/zakupy-ze-stylistka\\\/\",\"name\":\"Zakupy ze stylistk\u0105 - Kod Stylu\",\"isPartOf\":{\"@id\":\"https:\\\/\\\/kodstylu.pl\\\/sklep\\\/#website\"},\"primaryImageOfPage\":{\"@id\":\"https:\\\/\\\/kodstylu.pl\\\/sklep\\\/product\\\/zakupy-ze-stylistka\\\/#primaryimage\"},\"image\":{\"@id\":\"https:\\\/\\\/kodstylu.pl\\\/sklep\\\/product\\\/zakupy-ze-stylistka\\\/#primaryimage\"},\"thumbnailUrl\":\"https:\\\/\\\/kodstylu.pl\\\/sklep\\\/wp-content\\\/uploads\\\/2025\\\/07\\\/kodstylu_marzenaszaflik_wersja-2.0-2.jpg\",\"datePublished\":\"2018-07-19T08:30:21+00:00\",\"dateModified\":\"2026-03-24T17:14:27+00:00\",\"description\":\"Zakupy ze stylistk\u0105 to us\u0142uga dla ka\u017cdego, kto ma trudno\u015bci z wybieraniem odpowiednich ubra\u0144. Spotkanie z personal shopperem to najlepsza opcja!\",\"breadcrumb\":{\"@id\":\"https:\\\/\\\/kodstylu.pl\\\/sklep\\\/product\\\/zakupy-ze-stylistka\\\/#breadcrumb\"},\"inLanguage\":\"pl-PL\",\"potentialAction\":[{\"@type\":\"ReadAction\",\"target\":[\"https:\\\/\\\/kodstylu.pl\\\/sklep\\\/product\\\/zakupy-ze-stylistka\\\/\"]}]},{\"@type\":\"ImageObject\",\"inLanguage\":\"pl-PL\",\"@id\":\"https:\\\/\\\/kodstylu.pl\\\/sklep\\\/product\\\/zakupy-ze-stylistka\\\/#primaryimage\",\"url\":\"https:\\\/\\\/kodstylu.pl\\\/sklep\\\/wp-content\\\/uploads\\\/2025\\\/07\\\/kodstylu_marzenaszaflik_wersja-2.0-2.jpg\",\"contentUrl\":\"https:\\\/\\\/kodstylu.pl\\\/sklep\\\/wp-content\\\/uploads\\\/2025\\\/07\\\/kodstylu_marzenaszaflik_wersja-2.0-2.jpg\",\"width\":2000,\"height\":1335},{\"@type\":\"BreadcrumbList\",\"@id\":\"https:\\\/\\\/kodstylu.pl\\\/sklep\\\/product\\\/zakupy-ze-stylistka\\\/#breadcrumb\",\"itemListElement\":[{\"@type\":\"ListItem\",\"position\":1,\"name\":\"Strona g\u0142\u00f3wna\",\"item\":\"https:\\\/\\\/kodstylu.pl\\\/sklep\\\/\"},{\"@type\":\"ListItem\",\"position\":2,\"name\":\"Sklep\",\"item\":\"https:\\\/\\\/kodstylu.pl\\\/sklep\\\/sklep\\\/\"},{\"@type\":\"ListItem\",\"position\":3,\"name\":\"Zakupy ze stylistk\u0105\"}]},{\"@type\":\"WebSite\",\"@id\":\"https:\\\/\\\/kodstylu.pl\\\/sklep\\\/#website\",\"url\":\"https:\\\/\\\/kodstylu.pl\\\/sklep\\\/\",\"name\":\"Kod Stylu\",\"description\":\"Osobista Stylistka, Szkolenia dla stylistek\",\"potentialAction\":[{\"@type\":\"SearchAction\",\"target\":{\"@type\":\"EntryPoint\",\"urlTemplate\":\"https:\\\/\\\/kodstylu.pl\\\/sklep\\\/?s={search_term_string}\"},\"query-input\":{\"@type\":\"PropertyValueSpecification\",\"valueRequired\":true,\"valueName\":\"search_term_string\"}}],\"inLanguage\":\"pl-PL\"}]}<\/script>\n<!-- \/ Yoast SEO plugin. -->","yoast_head_json":{"title":"Zakupy ze stylistk\u0105 - Kod Stylu","description":"Zakupy ze stylistk\u0105 to us\u0142uga dla ka\u017cdego, kto ma trudno\u015bci z wybieraniem odpowiednich ubra\u0144. Spotkanie z personal shopperem to najlepsza opcja!","robots":{"index":"index","follow":"follow","max-snippet":"max-snippet:-1","max-image-preview":"max-image-preview:large","max-video-preview":"max-video-preview:-1"},"canonical":"https:\/\/kodstylu.pl\/sklep\/product\/zakupy-ze-stylistka\/","og_locale":"pl_PL","og_type":"article","og_title":"Zakupy ze stylistk\u0105 - Kod Stylu","og_description":"Zakupy ze stylistk\u0105 to us\u0142uga dla ka\u017cdego, kto ma trudno\u015bci z wybieraniem odpowiednich ubra\u0144. Spotkanie z personal shopperem to najlepsza opcja!","og_url":"https:\/\/kodstylu.pl\/sklep\/product\/zakupy-ze-stylistka\/","og_site_name":"Kod Stylu","article_modified_time":"2026-03-24T17:14:27+00:00","og_image":[{"width":2000,"height":1335,"url":"https:\/\/kodstylu.pl\/sklep\/wp-content\/uploads\/2025\/07\/kodstylu_marzenaszaflik_wersja-2.0-2.jpg","type":"image\/jpeg"}],"twitter_card":"summary_large_image","twitter_misc":{"Szacowany czas czytania":"5 minut"},"schema":{"@context":"https:\/\/schema.org","@graph":[{"@type":"WebPage","@id":"https:\/\/kodstylu.pl\/sklep\/product\/zakupy-ze-stylistka\/","url":"https:\/\/kodstylu.pl\/sklep\/product\/zakupy-ze-stylistka\/","name":"Zakupy ze stylistk\u0105 - Kod Stylu","isPartOf":{"@id":"https:\/\/kodstylu.pl\/sklep\/#website"},"primaryImageOfPage":{"@id":"https:\/\/kodstylu.pl\/sklep\/product\/zakupy-ze-stylistka\/#primaryimage"},"image":{"@id":"https:\/\/kodstylu.pl\/sklep\/product\/zakupy-ze-stylistka\/#primaryimage"},"thumbnailUrl":"https:\/\/kodstylu.pl\/sklep\/wp-content\/uploads\/2025\/07\/kodstylu_marzenaszaflik_wersja-2.0-2.jpg","datePublished":"2018-07-19T08:30:21+00:00","dateModified":"2026-03-24T17:14:27+00:00","description":"Zakupy ze stylistk\u0105 to us\u0142uga dla ka\u017cdego, kto ma trudno\u015bci z wybieraniem odpowiednich ubra\u0144. Spotkanie z personal shopperem to najlepsza opcja!","breadcrumb":{"@id":"https:\/\/kodstylu.pl\/sklep\/product\/zakupy-ze-stylistka\/#breadcrumb"},"inLanguage":"pl-PL","potentialAction":[{"@type":"ReadAction","target":["https:\/\/kodstylu.pl\/sklep\/product\/zakupy-ze-stylistka\/"]}]},{"@type":"ImageObject","inLanguage":"pl-PL","@id":"https:\/\/kodstylu.pl\/sklep\/product\/zakupy-ze-stylistka\/#primaryimage","url":"https:\/\/kodstylu.pl\/sklep\/wp-content\/uploads\/2025\/07\/kodstylu_marzenaszaflik_wersja-2.0-2.jpg","contentUrl":"https:\/\/kodstylu.pl\/sklep\/wp-content\/uploads\/2025\/07\/kodstylu_marzenaszaflik_wersja-2.0-2.jpg","width":2000,"height":1335},{"@type":"BreadcrumbList","@id":"https:\/\/kodstylu.pl\/sklep\/product\/zakupy-ze-stylistka\/#breadcrumb","itemListElement":[{"@type":"ListItem","position":1,"name":"Strona g\u0142\u00f3wna","item":"https:\/\/kodstylu.pl\/sklep\/"},{"@type":"ListItem","position":2,"name":"Sklep","item":"https:\/\/kodstylu.pl\/sklep\/sklep\/"},{"@type":"ListItem","position":3,"name":"Zakupy ze stylistk\u0105"}]},{"@type":"WebSite","@id":"https:\/\/kodstylu.pl\/sklep\/#website","url":"https:\/\/kodstylu.pl\/sklep\/","name":"Kod Stylu","description":"Osobista Stylistka, Szkolenia dla stylistek","potentialAction":[{"@type":"SearchAction","target":{"@type":"EntryPoint","urlTemplate":"https:\/\/kodstylu.pl\/sklep\/?s={search_term_string}"},"query-input":{"@type":"PropertyValueSpecification","valueRequired":true,"valueName":"search_term_string"}}],"inLanguage":"pl-PL"}]}},"_links":{"self":[{"href":"https:\/\/kodstylu.pl\/sklep\/wp-json\/wp\/v2\/product\/281","targetHints":{"allow":["GET"]}}],"collection":[{"href":"https:\/\/kodstylu.pl\/sklep\/wp-json\/wp\/v2\/product"}],"about":[{"href":"https:\/\/kodstylu.pl\/sklep\/wp-json\/wp\/v2\/types\/product"}],"replies":[{"embeddable":true,"href":"https:\/\/kodstylu.pl\/sklep\/wp-json\/wp\/v2\/comments?post=281"}],"wp:featuredmedia":[{"embeddable":true,"href":"https:\/\/kodstylu.pl\/sklep\/wp-json\/wp\/v2\/media\/30875"}],"wp:attachment":[{"href":"https:\/\/kodstylu.pl\/sklep\/wp-json\/wp\/v2\/media?parent=281"}],"wp:term":[{"taxonomy":"product_brand","embeddable":true,"href":"https:\/\/kodstylu.pl\/sklep\/wp-json\/wp\/v2\/product_brand?post=281"},{"taxonomy":"product_cat","embeddable":true,"href":"https:\/\/kodstylu.pl\/sklep\/wp-json\/wp\/v2\/product_cat?post=281"},{"taxonomy":"product_tag","embeddable":true,"href":"https:\/\/kodstylu.pl\/sklep\/wp-json\/wp\/v2\/product_tag?post=281"}],"curies":[{"name":"wp","href":"https:\/\/api.w.org\/{rel}","templated":true}]}}