{"id":22216,"date":"2021-03-31T15:01:52","date_gmt":"2021-03-31T13:01:52","guid":{"rendered":"https:\/\/kodstylu.pl\/sklep\/?post_type=product&#038;p=22216"},"modified":"2025-10-30T06:10:41","modified_gmt":"2025-10-30T05:10:41","slug":"kod-sylwetki-2","status":"publish","type":"product","link":"https:\/\/kodstylu.pl\/sklep\/product\/kod-sylwetki-2\/","title":{"rendered":"Kod Sylwetki"},"content":{"rendered":"<h1 class=\"product-description wysiwyg-content\">Naucz si\u0119 ocenia\u0107 typ sylwetki i wybiera\u0107 odpowiednie fasony ubra\u0144<\/h1>\n<p class=\"product-description wysiwyg-content\"><strong>Nie wiesz, jaki masz typ sylwetki, a co za tym idzie, bardzo cz\u0119sto nie potrafisz dopasowa\u0107 do siebie ubra\u0144 czy dodatk\u00f3w, tak aby podkre\u015bli\u0107 to co w Tobie pi\u0119kne i ukry\u0107 to, czego si\u0119 wstydzisz?<\/strong> Chcesz by\u0107 osobist\u0105 stylistk\u0105, ale nie wiesz, od czego zacz\u0105\u0107? Ten program zosta\u0142 stworzony w\u0142a\u015bnie dla Ciebie!<\/p>\n<h2 class=\"product-description wysiwyg-content\">Dlaczego warto zna\u0107 sw\u00f3j typ sylwetki?<\/h2>\n<p>Przede wszystkim, aby osi\u0105gn\u0105\u0107 wymarzony wygl\u0105d. Ukryte Twoje wady i kompleksy, podkre\u015blona ka\u017cda zaleta. Dobrze dobrane fasony ubra\u0144. Brak rzeczy w szafie, kt\u00f3re nigdy nie ujrz\u0105 \u015bwiat\u0142a dziennego. Zaoszcz\u0119dzone pieni\u0105dze i czas na zakupach. Spok\u00f3j w sklepach i towarzysz\u0105ca pewno\u015b\u0107 przy podejmowaniu decyzji. Brak godzin sp\u0119dzonych przed szaf\u0105 pe\u0142n\u0105 ubra\u0144 i my\u015blami &#8222;nie mam si\u0119 w co ubra\u0107&#8221;. Sprawdzone po\u0142\u0105czenia ubra\u0144 i dodatk\u00f3w. A wszystko to w Twoim zasi\u0119gu, kiedy uko\u0144czysz kurs Kod Sylwetki. Je\u015bli nie znosisz zakup\u00f3w, to gwarantujemy, \u017ce po uko\u0144czeniu kursu nie tylko nie b\u0119d\u0105 sprawia\u0142y Ci k\u0142opotu, ale r\u00f3wnie\u017c&#8230;kto wie&#8230;mo\u017ce si\u0119 nawet polubicie? \ud83d\ude42<\/p>\n<h3><strong>Jaki jest zakres tematyczny kursu?<\/strong><\/h3>\n<h4><strong>Krok 1: Typy sylwetek i z\u0142ote zasady stylizacji<\/strong><\/h4>\n<p>Omawiam 9 typ\u00f3w kobiecych sylwetek, aby\u015b mog\u0142a odnale\u017a\u0107 si\u0119 jako jedna z nich. Poznasz zadania ka\u017cdej sylwetki. Jakie ma atuty i co nale\u017cy zrobi\u0107, aby dobrze je zaprezentowa\u0107. Rozpracujesz wszystkie z\u0142ote zasady stylizacji. Dzi\u0119ki tym informacjom zaczniesz patrze\u0107 na swoje cia\u0142o inaczej. Dostrze\u017cesz w nim pi\u0119kne fragmenty i nauczysz si\u0119, jak zwraca\u0107 na nie uwag\u0119.<\/p>\n<h4><strong>Krok 2: Rozmiar i wzrost. Kszta\u0142ty twarzy. Bi\u017cuteria<\/strong><\/h4>\n<p>Dowiesz si\u0119, jak na zasady stylizacji wp\u0142ywa to, jakiego jeste\u015b wzrostu i jaki nosisz rozmiar ubra\u0144, dzi\u0119ki czemu zrozumiesz, dlaczego nie wszystkie zasady omawiane dla Twojego typu sylwetki s\u0105 tak naprawd\u0119 \u201eTwoje\u201d.<br \/>\nPoznasz kszta\u0142ty twarzy i dowiesz si\u0119, jaki rodzaj bi\u017cuterii najlepiej do Ciebie pasuje, dzi\u0119ki czemu nie b\u0119d\u0105 kusi\u0142y Ci\u0119 wszystkie b\u0142yskotki w sklepach, a te, kt\u00f3re wybierzesz, b\u0119d\u0105 idealn\u0105 ozdob\u0105.<\/p>\n<h4><strong>Krok 3: Szyja, biust, ramiona. Rodzaje i dopasowanie dekolt\u00f3w<\/strong><\/h4>\n<p>Sprawdzisz, czy Twoja szyja jest szeroka, czy w\u0105ska, kr\u00f3tka czy d\u0142uga i jak wp\u0142ywa to na dob\u00f3r bi\u017cuterii. Dowiesz si\u0119, jakie s\u0105 rodzaje dekolt\u00f3w i co wp\u0142ywa na odpowiednie jego dobranie na podstawie rodzaju Twojej szyi, czy rozmiaru ramion i biustu.<\/p>\n<h4><strong>Krok 4: R\u0119ce, talia, plecy, brzuch<\/strong><\/h4>\n<p>Poznasz rodzaje r\u0119kaw\u00f3w i przyjrzysz si\u0119 swoim r\u0119kom. Dowiesz si\u0119, czy Twoja talia jest kr\u00f3tka, czy d\u0142uga, jak podkre\u015bli\u0107 lub stworzy\u0107 optycznie wci\u0119cie w talii. Popatrzysz w nowy spos\u00f3b na swoje plecy i brzuch oraz zastanowisz si\u0119, jakie fasony s\u0105 najkorzystniejsze dla tych cz\u0119\u015bci sylwetki.<\/p>\n<h4><strong>Krok 5: Pupa, biodra, fasony sp\u00f3dnic i spodni<\/strong><\/h4>\n<p>Poznasz fasony sp\u00f3dnic i spodni, dowiesz si\u0119, jakie d\u0142ugo\u015bci s\u0105 najlepsze dla Twojego typu sylwetki.\u00a0 Znajdziesz sw\u00f3j kszta\u0142t pupy, przyjrzysz si\u0119 biodrom i dowiesz si\u0119, jak je najlepiej ozdabia\u0107 ubraniem. Dzi\u0119ki temu b\u0119dziesz wiedzia\u0142a, co jest dla Ciebie zakazane na zakupach i dlaczego w niekt\u00f3rych rozwi\u0105zaniach wygl\u0105dasz szczuplej ni\u017c w innych.<\/p>\n<h4><strong>Krok 6: Nogi. Buty<\/strong><\/h4>\n<p>Dowiesz si\u0119, na co zwraca\u0107 uwag\u0119 przy stylizacji okolicy n\u00f3g \u2013 czy s\u0105 Twoim atutem. Jak sprawdzi\u0107, czy s\u0105 d\u0142ugie, czy kr\u00f3tkie, jak je wyszczupli\u0107 albo doda\u0107 im kr\u0105g\u0142o\u015bci. Poznasz rodzaje obuwia, obcas\u00f3w i wybierzesz te najkorzystniejsze dla swojej sylwetki. Przestaniesz kupowa\u0107 buty tylko dlatego, \u017ce s\u0105 \u0142adne <img decoding=\"async\" class=\"emoji\" role=\"img\" draggable=\"false\" src=\"https:\/\/s.w.org\/images\/core\/emoji\/13.0.1\/svg\/1f609.svg\" alt=\"\ud83d\ude09\" \/><\/p>\n<h4><strong>Krok 7: Nakrycia g\u0142owy, okulary, torebki. Okrycia wierzchnie<\/strong><\/h4>\n<p>Przedstawi\u0119, jakie rodzaje nakry\u0107 g\u0142owy wyr\u00f3\u017cniamy oraz jak poszczeg\u00f3lne fasony wp\u0142ywaj\u0105 na nasz kszta\u0142t twarzy i na sylwetk\u0119. Poznasz fasony okular\u00f3w i zasady ich doboru do kszta\u0142tu twarzy. Dowiesz si\u0119, jak najlepiej dobra\u0107 dla siebie torebk\u0119 i co jest najwa\u017cniejszym kryterium przy jej wyborze. Om\u00f3wi\u0119 rodzaje okry\u0107 wierzchnich: marynarek, kardigan\u00f3w, kurtek, p\u0142aszczy i wska\u017c\u0119, co jest wa\u017cne przy ich wyborze.<\/p>\n<h3><strong>Podsumowanie<\/strong><\/h3>\n<p>Kurs online to:<br \/>\n\ud83d\udc49ponad 9 h materia\u0142\u00f3w video<br \/>\n\ud83d\udc49 zeszyty \u0107wicze\u0144<br \/>\n\ud83d\udc49platforma, do kt\u00f3rej masz dost\u0119p 24 h<br \/>\n\ud83d\udc49szkolenie, kt\u00f3re realizujesz, gdzie chcesz i kiedy chces<\/p>\n<p>Po wykupieniu kursu, otrzymujesz dost\u0119p na rok.<\/p>\n<p>Je\u017celi czujesz niedosyt, zapraszamy na kurs <a href=\"https:\/\/kodstylu.pl\/sklep\/product\/jak-laczyc-kolory\/\">Jak \u0142\u0105czy\u0107 kolory<\/a> lub <a href=\"https:\/\/kodstylu.pl\/sklep\/product\/stworz-szafe-marzen-2\/\">Stw\u00f3rz szaf\u0119 marze\u0144<\/a>.<\/p>\n<p>Pot\u0119\u017cnej dawki inspiracji mo\u017cesz szuka\u0107 <a href=\"https:\/\/www.facebook.com\/kodstylu\" target=\"_blank\" rel=\"noopener\">na naszym facebooku <\/a>oraz\u00a0<a href=\"https:\/\/www.instagram.com\/kodstylu\/\" target=\"_blank\" rel=\"noopener\">instagramie.<\/a><\/p>\n","protected":false},"excerpt":{"rendered":"<h4><span style=\"font-size: 75%;\">To jest najlepsza cena z ostatnich 30 dni<\/span><\/h4>\n<h4><strong>Kurs online\u00a0<em>Kod Sylwetki<\/em> to program, kt\u00f3ry pomaga okre\u015bli\u0107 typ sylwetki<\/strong> i wskaza\u0107 fasony ubra\u0144 odpowiednie dla r\u00f3\u017cnych typ\u00f3w. Uczy, jakie s\u0105 zasady stylizacji i pokazuje jak je \u0142ama\u0107, aby wci\u0105\u017c wygl\u0105da\u0107 \u015bwietnie.<\/h4>\n","protected":false},"featured_media":21039,"comment_status":"open","ping_status":"closed","template":"","meta":[],"product_brand":[],"product_cat":[53],"product_tag":[],"class_list":{"0":"post-22216","1":"product","2":"type-product","3":"status-publish","4":"has-post-thumbnail","6":"product_cat-kursy","8":"first","9":"instock","10":"virtual","11":"taxable","12":"purchasable","13":"product-type-simple"},"yoast_head":"<!-- This site is optimized with the Yoast SEO plugin v27.4 - https:\/\/yoast.com\/product\/yoast-seo-wordpress\/ -->\n<title>Kod Sylwetki - Kod Stylu<\/title>\n<meta name=\"description\" content=\"Chcesz okre\u015bli\u0107 sw\u00f3j typ sylwetki lub typy Twoich znajomych czy przysz\u0142ych klientek? Ten kurs Ci w tym pomo\u017ce! Zacznij ju\u017c dzi\u015b!\" \/>\n<meta name=\"robots\" content=\"index, follow, max-snippet:-1, max-image-preview:large, max-video-preview:-1\" \/>\n<link rel=\"canonical\" href=\"https:\/\/kodstylu.pl\/sklep\/product\/kod-sylwetki-2\/\" \/>\n<meta property=\"og:locale\" content=\"pl_PL\" \/>\n<meta property=\"og:type\" content=\"article\" \/>\n<meta property=\"og:title\" content=\"Kod Sylwetki - Kod Stylu\" \/>\n<meta property=\"og:description\" content=\"Chcesz okre\u015bli\u0107 sw\u00f3j typ sylwetki lub typy Twoich znajomych czy przysz\u0142ych klientek? Ten kurs Ci w tym pomo\u017ce! Zacznij ju\u017c dzi\u015b!\" \/>\n<meta property=\"og:url\" content=\"https:\/\/kodstylu.pl\/sklep\/product\/kod-sylwetki-2\/\" \/>\n<meta property=\"og:site_name\" content=\"Kod Stylu\" \/>\n<meta property=\"article:modified_time\" content=\"2025-10-30T05:10:41+00:00\" \/>\n<meta property=\"og:image\" content=\"https:\/\/kodstylu.pl\/sklep\/wp-content\/uploads\/2020\/12\/kod_sylwetki.jpg\" \/>\n\t<meta property=\"og:image:width\" content=\"1920\" \/>\n\t<meta property=\"og:image:height\" content=\"1280\" \/>\n\t<meta property=\"og:image:type\" content=\"image\/jpeg\" \/>\n<meta name=\"twitter:card\" content=\"summary_large_image\" \/>\n<meta name=\"twitter:label1\" content=\"Szacowany czas czytania\" \/>\n\t<meta name=\"twitter:data1\" content=\"5 minut\" \/>\n<script type=\"application\/ld+json\" class=\"yoast-schema-graph\">{\"@context\":\"https:\\\/\\\/schema.org\",\"@graph\":[{\"@type\":\"WebPage\",\"@id\":\"https:\\\/\\\/kodstylu.pl\\\/sklep\\\/product\\\/kod-sylwetki-2\\\/\",\"url\":\"https:\\\/\\\/kodstylu.pl\\\/sklep\\\/product\\\/kod-sylwetki-2\\\/\",\"name\":\"Kod Sylwetki - Kod Stylu\",\"isPartOf\":{\"@id\":\"https:\\\/\\\/kodstylu.pl\\\/sklep\\\/#website\"},\"primaryImageOfPage\":{\"@id\":\"https:\\\/\\\/kodstylu.pl\\\/sklep\\\/product\\\/kod-sylwetki-2\\\/#primaryimage\"},\"image\":{\"@id\":\"https:\\\/\\\/kodstylu.pl\\\/sklep\\\/product\\\/kod-sylwetki-2\\\/#primaryimage\"},\"thumbnailUrl\":\"https:\\\/\\\/kodstylu.pl\\\/sklep\\\/wp-content\\\/uploads\\\/2020\\\/12\\\/kod_sylwetki.jpg\",\"datePublished\":\"2021-03-31T13:01:52+00:00\",\"dateModified\":\"2025-10-30T05:10:41+00:00\",\"description\":\"Chcesz okre\u015bli\u0107 sw\u00f3j typ sylwetki lub typy Twoich znajomych czy przysz\u0142ych klientek? Ten kurs Ci w tym pomo\u017ce! Zacznij ju\u017c dzi\u015b!\",\"breadcrumb\":{\"@id\":\"https:\\\/\\\/kodstylu.pl\\\/sklep\\\/product\\\/kod-sylwetki-2\\\/#breadcrumb\"},\"inLanguage\":\"pl-PL\",\"potentialAction\":[{\"@type\":\"ReadAction\",\"target\":[\"https:\\\/\\\/kodstylu.pl\\\/sklep\\\/product\\\/kod-sylwetki-2\\\/\"]}]},{\"@type\":\"ImageObject\",\"inLanguage\":\"pl-PL\",\"@id\":\"https:\\\/\\\/kodstylu.pl\\\/sklep\\\/product\\\/kod-sylwetki-2\\\/#primaryimage\",\"url\":\"https:\\\/\\\/kodstylu.pl\\\/sklep\\\/wp-content\\\/uploads\\\/2020\\\/12\\\/kod_sylwetki.jpg\",\"contentUrl\":\"https:\\\/\\\/kodstylu.pl\\\/sklep\\\/wp-content\\\/uploads\\\/2020\\\/12\\\/kod_sylwetki.jpg\",\"width\":1920,\"height\":1280,\"caption\":\"typ sylwetki\"},{\"@type\":\"BreadcrumbList\",\"@id\":\"https:\\\/\\\/kodstylu.pl\\\/sklep\\\/product\\\/kod-sylwetki-2\\\/#breadcrumb\",\"itemListElement\":[{\"@type\":\"ListItem\",\"position\":1,\"name\":\"Strona g\u0142\u00f3wna\",\"item\":\"https:\\\/\\\/kodstylu.pl\\\/sklep\\\/\"},{\"@type\":\"ListItem\",\"position\":2,\"name\":\"Sklep\",\"item\":\"https:\\\/\\\/kodstylu.pl\\\/sklep\\\/sklep\\\/\"},{\"@type\":\"ListItem\",\"position\":3,\"name\":\"Kod Sylwetki\"}]},{\"@type\":\"WebSite\",\"@id\":\"https:\\\/\\\/kodstylu.pl\\\/sklep\\\/#website\",\"url\":\"https:\\\/\\\/kodstylu.pl\\\/sklep\\\/\",\"name\":\"Kod Stylu\",\"description\":\"Osobista Stylistka, Szkolenia dla stylistek\",\"potentialAction\":[{\"@type\":\"SearchAction\",\"target\":{\"@type\":\"EntryPoint\",\"urlTemplate\":\"https:\\\/\\\/kodstylu.pl\\\/sklep\\\/?s={search_term_string}\"},\"query-input\":{\"@type\":\"PropertyValueSpecification\",\"valueRequired\":true,\"valueName\":\"search_term_string\"}}],\"inLanguage\":\"pl-PL\"}]}<\/script>\n<!-- \/ Yoast SEO plugin. -->","yoast_head_json":{"title":"Kod Sylwetki - Kod Stylu","description":"Chcesz okre\u015bli\u0107 sw\u00f3j typ sylwetki lub typy Twoich znajomych czy przysz\u0142ych klientek? Ten kurs Ci w tym pomo\u017ce! Zacznij ju\u017c dzi\u015b!","robots":{"index":"index","follow":"follow","max-snippet":"max-snippet:-1","max-image-preview":"max-image-preview:large","max-video-preview":"max-video-preview:-1"},"canonical":"https:\/\/kodstylu.pl\/sklep\/product\/kod-sylwetki-2\/","og_locale":"pl_PL","og_type":"article","og_title":"Kod Sylwetki - Kod Stylu","og_description":"Chcesz okre\u015bli\u0107 sw\u00f3j typ sylwetki lub typy Twoich znajomych czy przysz\u0142ych klientek? Ten kurs Ci w tym pomo\u017ce! Zacznij ju\u017c dzi\u015b!","og_url":"https:\/\/kodstylu.pl\/sklep\/product\/kod-sylwetki-2\/","og_site_name":"Kod Stylu","article_modified_time":"2025-10-30T05:10:41+00:00","og_image":[{"width":1920,"height":1280,"url":"https:\/\/kodstylu.pl\/sklep\/wp-content\/uploads\/2020\/12\/kod_sylwetki.jpg","type":"image\/jpeg"}],"twitter_card":"summary_large_image","twitter_misc":{"Szacowany czas czytania":"5 minut"},"schema":{"@context":"https:\/\/schema.org","@graph":[{"@type":"WebPage","@id":"https:\/\/kodstylu.pl\/sklep\/product\/kod-sylwetki-2\/","url":"https:\/\/kodstylu.pl\/sklep\/product\/kod-sylwetki-2\/","name":"Kod Sylwetki - Kod Stylu","isPartOf":{"@id":"https:\/\/kodstylu.pl\/sklep\/#website"},"primaryImageOfPage":{"@id":"https:\/\/kodstylu.pl\/sklep\/product\/kod-sylwetki-2\/#primaryimage"},"image":{"@id":"https:\/\/kodstylu.pl\/sklep\/product\/kod-sylwetki-2\/#primaryimage"},"thumbnailUrl":"https:\/\/kodstylu.pl\/sklep\/wp-content\/uploads\/2020\/12\/kod_sylwetki.jpg","datePublished":"2021-03-31T13:01:52+00:00","dateModified":"2025-10-30T05:10:41+00:00","description":"Chcesz okre\u015bli\u0107 sw\u00f3j typ sylwetki lub typy Twoich znajomych czy przysz\u0142ych klientek? Ten kurs Ci w tym pomo\u017ce! Zacznij ju\u017c dzi\u015b!","breadcrumb":{"@id":"https:\/\/kodstylu.pl\/sklep\/product\/kod-sylwetki-2\/#breadcrumb"},"inLanguage":"pl-PL","potentialAction":[{"@type":"ReadAction","target":["https:\/\/kodstylu.pl\/sklep\/product\/kod-sylwetki-2\/"]}]},{"@type":"ImageObject","inLanguage":"pl-PL","@id":"https:\/\/kodstylu.pl\/sklep\/product\/kod-sylwetki-2\/#primaryimage","url":"https:\/\/kodstylu.pl\/sklep\/wp-content\/uploads\/2020\/12\/kod_sylwetki.jpg","contentUrl":"https:\/\/kodstylu.pl\/sklep\/wp-content\/uploads\/2020\/12\/kod_sylwetki.jpg","width":1920,"height":1280,"caption":"typ sylwetki"},{"@type":"BreadcrumbList","@id":"https:\/\/kodstylu.pl\/sklep\/product\/kod-sylwetki-2\/#breadcrumb","itemListElement":[{"@type":"ListItem","position":1,"name":"Strona g\u0142\u00f3wna","item":"https:\/\/kodstylu.pl\/sklep\/"},{"@type":"ListItem","position":2,"name":"Sklep","item":"https:\/\/kodstylu.pl\/sklep\/sklep\/"},{"@type":"ListItem","position":3,"name":"Kod Sylwetki"}]},{"@type":"WebSite","@id":"https:\/\/kodstylu.pl\/sklep\/#website","url":"https:\/\/kodstylu.pl\/sklep\/","name":"Kod Stylu","description":"Osobista Stylistka, Szkolenia dla stylistek","potentialAction":[{"@type":"SearchAction","target":{"@type":"EntryPoint","urlTemplate":"https:\/\/kodstylu.pl\/sklep\/?s={search_term_string}"},"query-input":{"@type":"PropertyValueSpecification","valueRequired":true,"valueName":"search_term_string"}}],"inLanguage":"pl-PL"}]}},"_links":{"self":[{"href":"https:\/\/kodstylu.pl\/sklep\/wp-json\/wp\/v2\/product\/22216","targetHints":{"allow":["GET"]}}],"collection":[{"href":"https:\/\/kodstylu.pl\/sklep\/wp-json\/wp\/v2\/product"}],"about":[{"href":"https:\/\/kodstylu.pl\/sklep\/wp-json\/wp\/v2\/types\/product"}],"replies":[{"embeddable":true,"href":"https:\/\/kodstylu.pl\/sklep\/wp-json\/wp\/v2\/comments?post=22216"}],"wp:featuredmedia":[{"embeddable":true,"href":"https:\/\/kodstylu.pl\/sklep\/wp-json\/wp\/v2\/media\/21039"}],"wp:attachment":[{"href":"https:\/\/kodstylu.pl\/sklep\/wp-json\/wp\/v2\/media?parent=22216"}],"wp:term":[{"taxonomy":"product_brand","embeddable":true,"href":"https:\/\/kodstylu.pl\/sklep\/wp-json\/wp\/v2\/product_brand?post=22216"},{"taxonomy":"product_cat","embeddable":true,"href":"https:\/\/kodstylu.pl\/sklep\/wp-json\/wp\/v2\/product_cat?post=22216"},{"taxonomy":"product_tag","embeddable":true,"href":"https:\/\/kodstylu.pl\/sklep\/wp-json\/wp\/v2\/product_tag?post=22216"}],"curies":[{"name":"wp","href":"https:\/\/api.w.org\/{rel}","templated":true}]}}