{"id":21538,"date":"2021-02-19T10:35:36","date_gmt":"2021-02-19T09:35:36","guid":{"rendered":"https:\/\/kodstylu.pl\/sklep\/?post_type=product&#038;p=21538"},"modified":"2025-10-30T06:11:44","modified_gmt":"2025-10-30T05:11:44","slug":"samoakceptacja-i-atrakcyjnosc","status":"publish","type":"product","link":"https:\/\/kodstylu.pl\/sklep\/product\/samoakceptacja-i-atrakcyjnosc\/","title":{"rendered":"Samoakceptacja i atrakcyjno\u015b\u0107"},"content":{"rendered":"<div class=\"product-description wysiwyg-content\">\n<h1>Samoakceptacja i atrakcyjno\u015b\u0107 &#8211; jak je osi\u0105gn\u0105\u0107?<\/h1>\n<p>Jest to trudne, ale nie nieosi\u0105galne. Wymaga pracy nad sob\u0105, ale efekty mog\u0105 przewy\u017cszy\u0107 Twoje naj\u015bmielsze oczekiwania. Do dzie\u0142a! <strong>Zapraszamy na program online Samoakceptacja i atrakcyjno\u015b\u0107, wy\u0142\u0105cznie dla kobiet.<\/strong><\/p>\n<p><img loading=\"lazy\" decoding=\"async\" class=\"aligncenter wp-image-26525 size-full\" style=\"color: #555555;\" src=\"https:\/\/kodstylu.pl\/sklep\/wp-content\/uploads\/2021\/02\/baner-3.jpg\" alt=\"\" width=\"700\" height=\"210\" srcset=\"https:\/\/kodstylu.pl\/sklep\/wp-content\/uploads\/2021\/02\/baner-3.jpg 700w, https:\/\/kodstylu.pl\/sklep\/wp-content\/uploads\/2021\/02\/baner-3-600x180.jpg 600w, https:\/\/kodstylu.pl\/sklep\/wp-content\/uploads\/2021\/02\/baner-3-247x74.jpg 247w, https:\/\/kodstylu.pl\/sklep\/wp-content\/uploads\/2021\/02\/baner-3-510x153.jpg 510w, https:\/\/kodstylu.pl\/sklep\/wp-content\/uploads\/2021\/02\/baner-3-300x90.jpg 300w\" sizes=\"auto, (max-width: 700px) 100vw, 700px\" \/><\/p>\n<h2><strong>Czy wiesz, \u017ce wi\u0119ksze zadowolenie z siebie spra<\/strong><strong>wia, \u017ce inni odbieraj\u0105 nas jako bardziej atrakcyjne i pogodniejsze?<\/strong><\/h2>\n<h4><strong>JAK\u0104 MASZ RELACJ\u0118 ZE SWOIM CIA\u0141EM?<\/strong><\/h4>\n<p>Stresujesz si\u0119 przed wa\u017cnymi wydarzeniami, bo szafa pe\u0142na, a Ty nie czujesz si\u0119 w niczym jak milion $?<br \/>\nPatrzysz cz\u0119sto z niezadowoleniem do lustra? Czujesz, \u017ce inne kobiety s\u0105 bardziej atrakcyjne od Ciebie?<\/p>\n<p>Moje klientki cz\u0119sto uwa\u017caj\u0105 (ku mojej rozpaczy!), \u017ce inne kobiety wygl\u0105daj\u0105 lepiej. Zakupy ubraniowe rzadko kiedy s\u0105 satysfakcjonuj\u0105ce.\u00a0 <strong>Moj\u0105 misj\u0105 jest to zmienia\u0107!<\/strong><\/p>\n<p>Marzy mi si\u0119, aby ka\u017cda kobieta, przegl\u0105daj\u0105c si\u0119 w lustrze, my\u015bla\u0142a: jak \u015bwietnie dzisiaj wygl\u0105dam! Wiem, \u017ce cz\u0119\u015bciej przychodz\u0105 do g\u0142owy mniej pozytywne my\u015bli. Rozumiem, \u017ce otwierasz szaf\u0119 i cz\u0119sto nie wiesz, co na siebie za\u0142o\u017cy\u0107. Mam \u015bwiadomo\u015b\u0107, \u017ce czasem czujesz si\u0119 ma\u0142o atrakcyjna. Wiem, \u017ce zbyt cz\u0119sto wybierasz bezpieczne kolory, bo nie wiesz, jakie inne mog\u0142aby\u015b wybra\u0107. Czuj\u0119 to ca\u0142\u0105 sob\u0105, bo ja te\u017c by\u0142am w tym samym miejscu.<\/p>\n<p>Nie urodzi\u0142am si\u0119 z talentem do \u015bwietnego wygl\u0105dania ;). D\u0142ugo uczy\u0142am si\u0119 swojego stylu, komponowania ubra\u0144, zestawie\u0144 kolorystycznych i dobierania odpowiednich fason\u00f3w. Ale przede wszystkim: zdrowej relacji ze swoim cia\u0142em!<\/p>\n<p>Teraz jestem osobist\u0105 stylistk\u0105 i wspieram kobiety, aby zachwyca\u0142y wygl\u0105dem. Chc\u0119 te\u017c wspiera\u0107 Ci\u0119. Mam wi\u0119c rozwi\u0105zanie, z kt\u00f3rego skorzysta\u0142o ju\u017c ponad 1000 kobiet\u2026 ale o tym za moment.<\/p>\n<h4><strong>Zastan\u00f3w si\u0119, jak zmieni\u0142aby si\u0119 Twoja obecna sytuacja, gdyby\u015b na co dzie\u0144 czu\u0142a si\u0119 bardziej atrakcyjna, w szafie mia\u0142a ubrania, w kt\u00f3rych czujesz si\u0119 i wygl\u0105dasz dobrze, a po ulicy chodzi\u0142aby\u015b zawsze z podniesion\u0105 g\u0142ow\u0105?<\/strong><\/h4>\n<p><img loading=\"lazy\" decoding=\"async\" class=\"aligncenter wp-image-26528 size-full\" src=\"https:\/\/kodstylu.pl\/sklep\/wp-content\/uploads\/2021\/02\/baner-6.jpg\" alt=\"\" width=\"700\" height=\"210\" srcset=\"https:\/\/kodstylu.pl\/sklep\/wp-content\/uploads\/2021\/02\/baner-6.jpg 700w, https:\/\/kodstylu.pl\/sklep\/wp-content\/uploads\/2021\/02\/baner-6-600x180.jpg 600w, https:\/\/kodstylu.pl\/sklep\/wp-content\/uploads\/2021\/02\/baner-6-247x74.jpg 247w, https:\/\/kodstylu.pl\/sklep\/wp-content\/uploads\/2021\/02\/baner-6-510x153.jpg 510w, https:\/\/kodstylu.pl\/sklep\/wp-content\/uploads\/2021\/02\/baner-6-300x90.jpg 300w\" sizes=\"auto, (max-width: 700px) 100vw, 700px\" \/><\/p>\n<p>Najpierw chc\u0119 Ci powiedzie\u0107:<br \/>\nZas\u0142ugujesz na to, aby czu\u0107 si\u0119 dobrze ze swoim cia\u0142em. Zarzucisz mi pisanie bana\u0142\u00f3w? Mo\u017cesz nawet nazwa\u0107 mnie Aleksandr\u0105 Fr\u0105tczak-Bi\u015b-COELHO ;), ale ja pisz\u0119 zupe\u0142nie powa\u017cnie.<\/p>\n<p>Wiem, \u017ce aby by\u0107 zadowolon\u0105 z w\u0142asnego wygl\u0105du, mie\u0107 \u015bwietne ciuchy w szafie oraz sprawnie robi\u0107 satysfakcjonuj\u0105ce zakupy, trzeba zainwestowa\u0107 na pocz\u0105tek czas i energi\u0119. Bez tego nie ma efekt\u00f3w. Ale za to, jak poprawia si\u0119 jako\u015b\u0107 \u017cycia! Lubi\u0119 pracowa\u0107 z kobietami, kt\u00f3re maj\u0105 zapa\u0142 do zmian i chc\u0105 dokonywa\u0107 \u015bwiadomych wybor\u00f3w. Gdyby\u015b do nich nie nale\u017ca\u0142a, prawdopodobnie nie czyta\u0142aby\u015b tego tekstu. Chcesz czu\u0107 rado\u015b\u0107 z ubierania si\u0119? Chcesz by\u0107 kobiet\u0105, kt\u00f3ra dostrzega atuty swojego cia\u0142a? Kobiet\u0105, kt\u00f3ra wie, jak dobrze wygl\u0105da\u0107? Kobiet\u0105 z wysok\u0105 samoocen\u0105?<\/p>\n<p><strong>Wspaniale, czytaj dalej!<\/strong><\/p>\n<p>Nie jestem w stanie pojawi\u0107 si\u0119 w ka\u017cdym mie\u015bcie w Polsce (nie wspominaj\u0105c o tym, \u017ce by\u0107 mo\u017ce mieszkasz poza jej granicami), dlatego przygotowa\u0142am specjalne rozwi\u0105zanie!<\/p>\n<p><strong>Rozwi\u0105zanie, kt\u00f3re spe\u0142nia trzy kryteria:<\/strong><\/p>\n<ul>\n<li>daje konkretne wskaz\u00f3wki dost\u0119pne natychmiast,<\/li>\n<li>jest korzystne cenowo,<\/li>\n<li>dost\u0119pne jest online, wi\u0119c ka\u017cdy mo\u017ce z niego skorzysta\u0107.<\/li>\n<\/ul>\n<p><strong>Mog\u0119 zosta\u0107 Twoj\u0105 wirtualn\u0105 osobist\u0105 stylistk\u0105 i sprawi\u0107, \u017ce wzro\u015bnie Twoja samoocena i poczucie atrakcyjno\u015bci.<\/strong><\/p>\n<h4><strong>W jaki spos\u00f3b mo\u017cesz z niego skorzysta\u0107?<\/strong><\/h4>\n<p>Oferuj\u0119 Ci do\u0142\u0105czenie do kursu online\u00a0<em>SAMOAKCEPTACJA I ATRAKCYJNO\u015a\u0106<\/em>.<\/p>\n<p><img loading=\"lazy\" decoding=\"async\" class=\"aligncenter wp-image-26524 size-full\" src=\"https:\/\/kodstylu.pl\/sklep\/wp-content\/uploads\/2021\/02\/baner-2.jpg\" alt=\"\" width=\"700\" height=\"210\" srcset=\"https:\/\/kodstylu.pl\/sklep\/wp-content\/uploads\/2021\/02\/baner-2.jpg 700w, https:\/\/kodstylu.pl\/sklep\/wp-content\/uploads\/2021\/02\/baner-2-600x180.jpg 600w, https:\/\/kodstylu.pl\/sklep\/wp-content\/uploads\/2021\/02\/baner-2-247x74.jpg 247w, https:\/\/kodstylu.pl\/sklep\/wp-content\/uploads\/2021\/02\/baner-2-510x153.jpg 510w, https:\/\/kodstylu.pl\/sklep\/wp-content\/uploads\/2021\/02\/baner-2-300x90.jpg 300w\" sizes=\"auto, (max-width: 700px) 100vw, 700px\" \/><\/p>\n<h3>Jakie tematy poruszam w kursie?<\/h3>\n<ol>\n<li>Jak dzia\u0142a m\u00f3zg w kontek\u015bcie naszego wygl\u0105du?<\/li>\n<li>Czy uroda = w\u0142adza?<\/li>\n<li>Dlaczego has\u0142o bikini body sprawia, \u017ce mam ciarki na ciele?<\/li>\n<li>Uprzedmiotowienie i samouprzedmiotowienie kobiet.<\/li>\n<li>Jeden spos\u00f3b, kt\u00f3ry zmieni to, jak postrzegasz swoje cia\u0142o.<\/li>\n<li>Czym jest, a czym nie jest samoakceptacja?<\/li>\n<li>Jak u\u017cywasz swojego cia\u0142a?<\/li>\n<li>Czy dbanie o siebie jest pr\u00f3\u017cne?<\/li>\n<li>Jak dzia\u0142aj\u0105 media?<\/li>\n<li>Kim jest kobieta atrakcyjna?<\/li>\n<li>Jak sta\u0107 si\u0119 kobiet\u0105 atrakcyjn\u0105?<\/li>\n<li>Czym jest lustro spo\u0142eczne?<\/li>\n<\/ol>\n<h4>Kurs online sk\u0142ada si\u0119 z prawie 20 materia\u0142\u00f3w wideo oraz zeszyt\u00f3w \u0107wicze\u0144 do pracy samodzielnej. Opr\u00f3cz materia\u0142\u00f3w nagranych przeze mnie znajdziesz w nim wywiady z coachk\u0105 i psychodietetyczk\u0105 oraz moj\u0105 nauczycielk\u0105 jogi.<\/h4>\n<p>Kurs nie jest form\u0105 psychoterapii, ale \u015bwietnie pomaga rozpocz\u0105\u0107 przygod\u0119 z prac\u0105 nad swoj\u0105 wewn\u0119trzn\u0105 si\u0142\u0105. Pomaga zrobi\u0107 porz\u0105dek z samoakceptacj\u0105 i inaczej spojrze\u0107 na w\u0142asne cia\u0142o. Tematyka kursu \u015bwietnie wpisuje si\u0119 w misj\u0119 mojej firmy. Mo\u017cesz zapyta\u0107: skoro tyle w tym misji, dlaczego nie jest to seria bezp\u0142atnych materia\u0142\u00f3w na blogu?<\/p>\n<p>Sprawa jest bardzo prosta: przygotowanie i usystematyzowanie merytoryki wymaga\u0142o ode mnie miesi\u0119cy przygotowa\u0144, przemy\u015ble\u0144, czytania literatury i s\u0142uchania specjalist\u00f3w. Dostajesz ode mnie gotowy produkt, nie musisz szuka\u0107, sprawdza\u0107, przegl\u0105da\u0107. Wszystko jest kompletne i w jednym miejscu. Kurs to pigu\u0142ka wiedzy i zach\u0119ta do pracy nad swoj\u0105 samoocen\u0105.<\/p>\n<p>Spotykaj\u0105c si\u0119 z klientkami na sesjach indywidualnych, poruszam tematy, kt\u00f3re znajdziesz w kursie, ale nie s\u0105 one meritum spotka\u0144. Szybka wymiana zda\u0144 dotycz\u0105ca samoakceptacji niewiele zmienia, gdy m\u00f3wimy o fasonach, kolorach i na nich si\u0119 skupiamy. Na spotkaniach indywidualnych nie ma na to przestrzeni, a ten kurs jest TYLKO o tym.<\/p>\n<h3><strong>Przyszed\u0142 taki moment w mojej pracy, kiedy pomy\u015bla\u0142am: DO\u015a\u0106! NIE MOG\u0118 JU\u017b S\u0141UCHA\u0106, JAK BARDZO KOBIETY KRYTYKUJ\u0104 SIEBIE I SWOJE CIA\u0141A.<\/strong><\/h3>\n<p><img loading=\"lazy\" decoding=\"async\" class=\"aligncenter wp-image-26526 size-full\" src=\"https:\/\/kodstylu.pl\/sklep\/wp-content\/uploads\/2021\/02\/baner-4.jpg\" alt=\"\" width=\"700\" height=\"210\" srcset=\"https:\/\/kodstylu.pl\/sklep\/wp-content\/uploads\/2021\/02\/baner-4.jpg 700w, https:\/\/kodstylu.pl\/sklep\/wp-content\/uploads\/2021\/02\/baner-4-600x180.jpg 600w, https:\/\/kodstylu.pl\/sklep\/wp-content\/uploads\/2021\/02\/baner-4-247x74.jpg 247w, https:\/\/kodstylu.pl\/sklep\/wp-content\/uploads\/2021\/02\/baner-4-510x153.jpg 510w, https:\/\/kodstylu.pl\/sklep\/wp-content\/uploads\/2021\/02\/baner-4-300x90.jpg 300w\" sizes=\"auto, (max-width: 700px) 100vw, 700px\" \/><\/p>\n<p>Oczywi\u015bcie najpierw potrzebowa\u0142am przerobi\u0107 ten temat ze sob\u0105! Mog\u0142aby\u015b powiedzie\u0107: jej to \u0142atwo m\u00f3wi\u0107 o samoakceptacji, bo jest drobn\u0105 kobiet\u0105. Gdybym ja nosi\u0142a rozmiar 34, te\u017c by\u0142abym zadowolona ze swojego cia\u0142a! Niestety niekoniecznie. Z mojego do\u015bwiadczenia wynika, \u017ce kobiety w ka\u017cdym rozmiarze, o ka\u017cdym kolorze w\u0142os\u00f3w i oczu, o ka\u017cdym wzro\u015bcie s\u0105 z czego\u015b niezadowolone.<\/p>\n<p>Mamy problem z patrzeniem na siebie obiektywnie, ca\u0142o\u015bciowo i lubimy skupia\u0107 si\u0119 na w\u0142asnych mankamentach. Komplementowane cz\u0119sto odpowiadamy: eeeee nieeeee, przesta\u0144! To stara bluzka. Dzwoni nam w uszach has\u0142o babci\/ mamy\/ cioci: samochwa\u0142a w k\u0105cie sta\u0142a, wi\u0119c nie \u201esamochwalimy\u201d si\u0119, nie doceniamy siebie i trudno nam zauwa\u017cy\u0107 swoje atuty.<\/p>\n<p>A jeszcze trudniej (wstyd to przecie\u017c!) g\u0142o\u015bno o nich m\u00f3wi\u0107 (a czasem nawet my\u015ble\u0107).<\/p>\n<p><strong>Zapraszam Ci\u0119 wi\u0119c do programu online, kt\u00f3ry pomo\u017ce Ci zmieni\u0107 negatywne my\u015blenie!<\/strong><\/p>\n<h4><strong>NAJCZ\u0118\u015aCIEJ ZADAWANE PYTANIA:<\/strong><\/h4>\n<ol>\n<li><strong> Kiedy otrzymam dost\u0119p do kursu?<\/strong><\/li>\n<\/ol>\n<p>Natychmiast po op\u0142aceniu zam\u00f3wienia otrzymasz na maila dost\u0119p do platformy kursowej.<\/p>\n<ol start=\"2\">\n<li><strong> Na jak d\u0142ugo otrzymuj\u0119 dost\u0119p do kursu?<\/strong><\/li>\n<\/ol>\n<p>Dost\u0119p masz na 1 rok od momentu op\u0142acenia zam\u00f3wienia.<\/p>\n<ol start=\"3\">\n<li><strong> Czy kurs mog\u0119 przerobi\u0107 tylko raz?<\/strong><\/li>\n<\/ol>\n<p>Nie, kurs mo\u017cesz przerabia\u0107 ile chcesz i kiedy chcesz przez okres ca\u0142ego roku.<\/p>\n<ol start=\"4\">\n<li><strong> Czy kurs mog\u0119 ogl\u0105da\u0107 na telefonie?<\/strong><\/li>\n<\/ol>\n<p>Tak, mo\u017cesz realizowa\u0107 materia\u0142y zar\u00f3wno na komputerze, jak i telefonie.<\/p>\n<ol start=\"5\">\n<li><strong> Co zawiera cena kursu?<\/strong><\/li>\n<\/ol>\n<p>Roczny dost\u0119p do platformy, gdzie pojawi\u0105 si\u0119 materia\u0142y wideo, teksty, grafiki i zeszyty \u0107wicze\u0144.<\/p>\n<p><img loading=\"lazy\" decoding=\"async\" class=\"aligncenter wp-image-26527 size-full\" src=\"https:\/\/kodstylu.pl\/sklep\/wp-content\/uploads\/2021\/02\/baner-5.jpg\" alt=\"\" width=\"700\" height=\"210\" srcset=\"https:\/\/kodstylu.pl\/sklep\/wp-content\/uploads\/2021\/02\/baner-5.jpg 700w, https:\/\/kodstylu.pl\/sklep\/wp-content\/uploads\/2021\/02\/baner-5-600x180.jpg 600w, https:\/\/kodstylu.pl\/sklep\/wp-content\/uploads\/2021\/02\/baner-5-247x74.jpg 247w, https:\/\/kodstylu.pl\/sklep\/wp-content\/uploads\/2021\/02\/baner-5-510x153.jpg 510w, https:\/\/kodstylu.pl\/sklep\/wp-content\/uploads\/2021\/02\/baner-5-300x90.jpg 300w\" sizes=\"auto, (max-width: 700px) 100vw, 700px\" \/><\/p>\n<ul>\n<li><strong>Nie stawaj ju\u017c nigdy przed lustrem z kwa\u015bn\u0105 min\u0105, rezygnacj\u0105 i s\u0142owami W NICZYM DOBRZE NIE WYGL\u0104DAM!<\/strong><\/li>\n<li><strong>Zacznij my\u015ble\u0107 o sobie inaczej.<\/strong><\/li>\n<li><strong>Przesta\u0144 por\u00f3wnywa\u0107 si\u0119 do innych kobiet.<\/strong><\/li>\n<li><strong>Zbuduj swoj\u0105 atrakcyjno\u015b\u0107 i samoakceptacj\u0119.<\/strong><\/li>\n<\/ul>\n<p>Po wykupieniu kursu, otrzymujesz dost\u0119p na rok.<\/p>\n<p>Je\u017celi czujesz niedosyt, zapraszamy na kursy J<a href=\"https:\/\/kodstylu.pl\/sklep\/product\/jak-laczyc-kolory\/\">ak \u0142\u0105czy\u0107 kolory<\/a> lub <a href=\"https:\/\/kodstylu.pl\/sklep\/product\/kod-sylwetki-2\/\">Kod sylwetki<\/a>.<\/p>\n<p>Pot\u0119\u017cnej dawki inspiracji mo\u017cesz szuka\u0107 <a href=\"https:\/\/www.facebook.com\/kodstylu\" target=\"_blank\" rel=\"noopener\">na naszym facebooku <\/a>oraz\u00a0<a href=\"https:\/\/www.instagram.com\/kodstylu\/\" target=\"_blank\" rel=\"noopener\">instagramie.<\/a><\/p>\n<\/div>\n","protected":false},"excerpt":{"rendered":"<p><span style=\"font-size: 75%;\">To jest najlepsza cena z ostatnich 30 dni<\/span><\/p>\n<p>Zamknij oczy i zastan\u00f3w si\u0119, jak inne by\u0142oby Twoje \u017cycie, gdyby\u015b na co dzie\u0144 czu\u0142a si\u0119 bardziej atrakcyjna i gdyby\u015b nie tylko zaakceptowa\u0142a siebie, ale r\u00f3wnie\u017c pokocha\u0142a? Ten kurs zmienia \u017cycie. Zapraszamy na pok\u0142ad!<\/p>\n","protected":false},"featured_media":21519,"comment_status":"open","ping_status":"closed","template":"","meta":[],"product_brand":[],"product_cat":[53],"product_tag":[],"class_list":{"0":"post-21538","1":"product","2":"type-product","3":"status-publish","4":"has-post-thumbnail","6":"product_cat-kursy","8":"first","9":"instock","10":"virtual","11":"taxable","12":"purchasable","13":"product-type-simple"},"yoast_head":"<!-- This site is optimized with the Yoast SEO plugin v27.4 - https:\/\/yoast.com\/product\/yoast-seo-wordpress\/ -->\n<title>Samoakceptacja i atrakcyjno\u015b\u0107 - Kod Stylu<\/title>\n<meta name=\"description\" content=\"Samoakceptacja i atrakcyjno\u015b\u0107 - dwa zagadnienia, kt\u00f3re nie jednej kobiecie sp\u0119dzaj\u0105 sen z powiek. Pokochaj siebie z Kodem Stylu ju\u017c dzi\u015b!\" \/>\n<meta name=\"robots\" content=\"index, follow, max-snippet:-1, max-image-preview:large, max-video-preview:-1\" \/>\n<link rel=\"canonical\" href=\"https:\/\/kodstylu.pl\/sklep\/product\/samoakceptacja-i-atrakcyjnosc\/\" \/>\n<meta property=\"og:locale\" content=\"pl_PL\" \/>\n<meta property=\"og:type\" content=\"article\" \/>\n<meta property=\"og:title\" content=\"Samoakceptacja i atrakcyjno\u015b\u0107 - Kod Stylu\" \/>\n<meta property=\"og:description\" content=\"Samoakceptacja i atrakcyjno\u015b\u0107 - dwa zagadnienia, kt\u00f3re nie jednej kobiecie sp\u0119dzaj\u0105 sen z powiek. Pokochaj siebie z Kodem Stylu ju\u017c dzi\u015b!\" \/>\n<meta property=\"og:url\" content=\"https:\/\/kodstylu.pl\/sklep\/product\/samoakceptacja-i-atrakcyjnosc\/\" \/>\n<meta property=\"og:site_name\" content=\"Kod Stylu\" \/>\n<meta property=\"article:modified_time\" content=\"2025-10-30T05:11:44+00:00\" \/>\n<meta property=\"og:image\" content=\"https:\/\/kodstylu.pl\/sklep\/wp-content\/uploads\/2021\/02\/admin-ajax.jpg\" \/>\n\t<meta property=\"og:image:width\" content=\"400\" \/>\n\t<meta property=\"og:image:height\" content=\"267\" \/>\n\t<meta property=\"og:image:type\" content=\"image\/jpeg\" \/>\n<meta name=\"twitter:card\" content=\"summary_large_image\" \/>\n<meta name=\"twitter:label1\" content=\"Szacowany czas czytania\" \/>\n\t<meta name=\"twitter:data1\" content=\"8 minut\" \/>\n<script type=\"application\/ld+json\" class=\"yoast-schema-graph\">{\"@context\":\"https:\\\/\\\/schema.org\",\"@graph\":[{\"@type\":\"WebPage\",\"@id\":\"https:\\\/\\\/kodstylu.pl\\\/sklep\\\/product\\\/samoakceptacja-i-atrakcyjnosc\\\/\",\"url\":\"https:\\\/\\\/kodstylu.pl\\\/sklep\\\/product\\\/samoakceptacja-i-atrakcyjnosc\\\/\",\"name\":\"Samoakceptacja i atrakcyjno\u015b\u0107 - Kod Stylu\",\"isPartOf\":{\"@id\":\"https:\\\/\\\/kodstylu.pl\\\/sklep\\\/#website\"},\"primaryImageOfPage\":{\"@id\":\"https:\\\/\\\/kodstylu.pl\\\/sklep\\\/product\\\/samoakceptacja-i-atrakcyjnosc\\\/#primaryimage\"},\"image\":{\"@id\":\"https:\\\/\\\/kodstylu.pl\\\/sklep\\\/product\\\/samoakceptacja-i-atrakcyjnosc\\\/#primaryimage\"},\"thumbnailUrl\":\"https:\\\/\\\/kodstylu.pl\\\/sklep\\\/wp-content\\\/uploads\\\/2021\\\/02\\\/admin-ajax.jpg\",\"datePublished\":\"2021-02-19T09:35:36+00:00\",\"dateModified\":\"2025-10-30T05:11:44+00:00\",\"description\":\"Samoakceptacja i atrakcyjno\u015b\u0107 - dwa zagadnienia, kt\u00f3re nie jednej kobiecie sp\u0119dzaj\u0105 sen z powiek. Pokochaj siebie z Kodem Stylu ju\u017c dzi\u015b!\",\"breadcrumb\":{\"@id\":\"https:\\\/\\\/kodstylu.pl\\\/sklep\\\/product\\\/samoakceptacja-i-atrakcyjnosc\\\/#breadcrumb\"},\"inLanguage\":\"pl-PL\",\"potentialAction\":[{\"@type\":\"ReadAction\",\"target\":[\"https:\\\/\\\/kodstylu.pl\\\/sklep\\\/product\\\/samoakceptacja-i-atrakcyjnosc\\\/\"]}]},{\"@type\":\"ImageObject\",\"inLanguage\":\"pl-PL\",\"@id\":\"https:\\\/\\\/kodstylu.pl\\\/sklep\\\/product\\\/samoakceptacja-i-atrakcyjnosc\\\/#primaryimage\",\"url\":\"https:\\\/\\\/kodstylu.pl\\\/sklep\\\/wp-content\\\/uploads\\\/2021\\\/02\\\/admin-ajax.jpg\",\"contentUrl\":\"https:\\\/\\\/kodstylu.pl\\\/sklep\\\/wp-content\\\/uploads\\\/2021\\\/02\\\/admin-ajax.jpg\",\"width\":400,\"height\":267,\"caption\":\"samoakceptacja i atrakcyjno\u015b\u0107\"},{\"@type\":\"BreadcrumbList\",\"@id\":\"https:\\\/\\\/kodstylu.pl\\\/sklep\\\/product\\\/samoakceptacja-i-atrakcyjnosc\\\/#breadcrumb\",\"itemListElement\":[{\"@type\":\"ListItem\",\"position\":1,\"name\":\"Strona g\u0142\u00f3wna\",\"item\":\"https:\\\/\\\/kodstylu.pl\\\/sklep\\\/\"},{\"@type\":\"ListItem\",\"position\":2,\"name\":\"Sklep\",\"item\":\"https:\\\/\\\/kodstylu.pl\\\/sklep\\\/sklep\\\/\"},{\"@type\":\"ListItem\",\"position\":3,\"name\":\"Samoakceptacja i atrakcyjno\u015b\u0107\"}]},{\"@type\":\"WebSite\",\"@id\":\"https:\\\/\\\/kodstylu.pl\\\/sklep\\\/#website\",\"url\":\"https:\\\/\\\/kodstylu.pl\\\/sklep\\\/\",\"name\":\"Kod Stylu\",\"description\":\"Osobista Stylistka, Szkolenia dla stylistek\",\"potentialAction\":[{\"@type\":\"SearchAction\",\"target\":{\"@type\":\"EntryPoint\",\"urlTemplate\":\"https:\\\/\\\/kodstylu.pl\\\/sklep\\\/?s={search_term_string}\"},\"query-input\":{\"@type\":\"PropertyValueSpecification\",\"valueRequired\":true,\"valueName\":\"search_term_string\"}}],\"inLanguage\":\"pl-PL\"}]}<\/script>\n<!-- \/ Yoast SEO plugin. -->","yoast_head_json":{"title":"Samoakceptacja i atrakcyjno\u015b\u0107 - Kod Stylu","description":"Samoakceptacja i atrakcyjno\u015b\u0107 - dwa zagadnienia, kt\u00f3re nie jednej kobiecie sp\u0119dzaj\u0105 sen z powiek. Pokochaj siebie z Kodem Stylu ju\u017c dzi\u015b!","robots":{"index":"index","follow":"follow","max-snippet":"max-snippet:-1","max-image-preview":"max-image-preview:large","max-video-preview":"max-video-preview:-1"},"canonical":"https:\/\/kodstylu.pl\/sklep\/product\/samoakceptacja-i-atrakcyjnosc\/","og_locale":"pl_PL","og_type":"article","og_title":"Samoakceptacja i atrakcyjno\u015b\u0107 - Kod Stylu","og_description":"Samoakceptacja i atrakcyjno\u015b\u0107 - dwa zagadnienia, kt\u00f3re nie jednej kobiecie sp\u0119dzaj\u0105 sen z powiek. Pokochaj siebie z Kodem Stylu ju\u017c dzi\u015b!","og_url":"https:\/\/kodstylu.pl\/sklep\/product\/samoakceptacja-i-atrakcyjnosc\/","og_site_name":"Kod Stylu","article_modified_time":"2025-10-30T05:11:44+00:00","og_image":[{"width":400,"height":267,"url":"https:\/\/kodstylu.pl\/sklep\/wp-content\/uploads\/2021\/02\/admin-ajax.jpg","type":"image\/jpeg"}],"twitter_card":"summary_large_image","twitter_misc":{"Szacowany czas czytania":"8 minut"},"schema":{"@context":"https:\/\/schema.org","@graph":[{"@type":"WebPage","@id":"https:\/\/kodstylu.pl\/sklep\/product\/samoakceptacja-i-atrakcyjnosc\/","url":"https:\/\/kodstylu.pl\/sklep\/product\/samoakceptacja-i-atrakcyjnosc\/","name":"Samoakceptacja i atrakcyjno\u015b\u0107 - Kod Stylu","isPartOf":{"@id":"https:\/\/kodstylu.pl\/sklep\/#website"},"primaryImageOfPage":{"@id":"https:\/\/kodstylu.pl\/sklep\/product\/samoakceptacja-i-atrakcyjnosc\/#primaryimage"},"image":{"@id":"https:\/\/kodstylu.pl\/sklep\/product\/samoakceptacja-i-atrakcyjnosc\/#primaryimage"},"thumbnailUrl":"https:\/\/kodstylu.pl\/sklep\/wp-content\/uploads\/2021\/02\/admin-ajax.jpg","datePublished":"2021-02-19T09:35:36+00:00","dateModified":"2025-10-30T05:11:44+00:00","description":"Samoakceptacja i atrakcyjno\u015b\u0107 - dwa zagadnienia, kt\u00f3re nie jednej kobiecie sp\u0119dzaj\u0105 sen z powiek. Pokochaj siebie z Kodem Stylu ju\u017c dzi\u015b!","breadcrumb":{"@id":"https:\/\/kodstylu.pl\/sklep\/product\/samoakceptacja-i-atrakcyjnosc\/#breadcrumb"},"inLanguage":"pl-PL","potentialAction":[{"@type":"ReadAction","target":["https:\/\/kodstylu.pl\/sklep\/product\/samoakceptacja-i-atrakcyjnosc\/"]}]},{"@type":"ImageObject","inLanguage":"pl-PL","@id":"https:\/\/kodstylu.pl\/sklep\/product\/samoakceptacja-i-atrakcyjnosc\/#primaryimage","url":"https:\/\/kodstylu.pl\/sklep\/wp-content\/uploads\/2021\/02\/admin-ajax.jpg","contentUrl":"https:\/\/kodstylu.pl\/sklep\/wp-content\/uploads\/2021\/02\/admin-ajax.jpg","width":400,"height":267,"caption":"samoakceptacja i atrakcyjno\u015b\u0107"},{"@type":"BreadcrumbList","@id":"https:\/\/kodstylu.pl\/sklep\/product\/samoakceptacja-i-atrakcyjnosc\/#breadcrumb","itemListElement":[{"@type":"ListItem","position":1,"name":"Strona g\u0142\u00f3wna","item":"https:\/\/kodstylu.pl\/sklep\/"},{"@type":"ListItem","position":2,"name":"Sklep","item":"https:\/\/kodstylu.pl\/sklep\/sklep\/"},{"@type":"ListItem","position":3,"name":"Samoakceptacja i atrakcyjno\u015b\u0107"}]},{"@type":"WebSite","@id":"https:\/\/kodstylu.pl\/sklep\/#website","url":"https:\/\/kodstylu.pl\/sklep\/","name":"Kod Stylu","description":"Osobista Stylistka, Szkolenia dla stylistek","potentialAction":[{"@type":"SearchAction","target":{"@type":"EntryPoint","urlTemplate":"https:\/\/kodstylu.pl\/sklep\/?s={search_term_string}"},"query-input":{"@type":"PropertyValueSpecification","valueRequired":true,"valueName":"search_term_string"}}],"inLanguage":"pl-PL"}]}},"_links":{"self":[{"href":"https:\/\/kodstylu.pl\/sklep\/wp-json\/wp\/v2\/product\/21538","targetHints":{"allow":["GET"]}}],"collection":[{"href":"https:\/\/kodstylu.pl\/sklep\/wp-json\/wp\/v2\/product"}],"about":[{"href":"https:\/\/kodstylu.pl\/sklep\/wp-json\/wp\/v2\/types\/product"}],"replies":[{"embeddable":true,"href":"https:\/\/kodstylu.pl\/sklep\/wp-json\/wp\/v2\/comments?post=21538"}],"wp:featuredmedia":[{"embeddable":true,"href":"https:\/\/kodstylu.pl\/sklep\/wp-json\/wp\/v2\/media\/21519"}],"wp:attachment":[{"href":"https:\/\/kodstylu.pl\/sklep\/wp-json\/wp\/v2\/media?parent=21538"}],"wp:term":[{"taxonomy":"product_brand","embeddable":true,"href":"https:\/\/kodstylu.pl\/sklep\/wp-json\/wp\/v2\/product_brand?post=21538"},{"taxonomy":"product_cat","embeddable":true,"href":"https:\/\/kodstylu.pl\/sklep\/wp-json\/wp\/v2\/product_cat?post=21538"},{"taxonomy":"product_tag","embeddable":true,"href":"https:\/\/kodstylu.pl\/sklep\/wp-json\/wp\/v2\/product_tag?post=21538"}],"curies":[{"name":"wp","href":"https:\/\/api.w.org\/{rel}","templated":true}]}}