{"id":63,"date":"2018-04-08T21:54:23","date_gmt":"2018-04-08T19:54:23","guid":{"rendered":"https:\/\/kodstylu.pl\/sklep\/?page_id=63"},"modified":"2024-10-01T09:44:25","modified_gmt":"2024-10-01T07:44:25","slug":"polityka-prywatnosci","status":"publish","type":"page","link":"https:\/\/kodstylu.pl\/sklep\/polityka-prywatnosci\/","title":{"rendered":"Polityka Prywatno\u015bci"},"content":{"rendered":"\n<p class=\"has-text-align-center\">Polityka prywatno\u015bci i plik\u00f3w cookies<br>Strony internetowej www.kodstylu.pl i Sklep\u00f3w: www.kodstylu.pl\/sklep oraz<br>www.kursy.kodstylu.pl<\/p>\n\n\n\n<p class=\"has-text-align-center\"><br><a href=\"https:\/\/kodstylu.pl\/Polityka_prywatno%C5%9Bci_oraz_przetwrzania_danyc_%20osobowych_10_2024.pdf\">Klikjnij tutaj, aby zapozna\u0107 si\u0119 z Polityka Prywatno\u015bci >><\/a><\/p>\n\n\n\n<p>><\/p>\n","protected":false},"excerpt":{"rendered":"<p>Polityka prywatno\u015bci i plik\u00f3w cookiesStrony internetowej www.kodstylu.pl i Sklep\u00f3w: www.kodstylu.pl\/sklep orazwww.kursy.kodstylu.pl Klikjnij tutaj, aby zapozna\u0107 si\u0119 z Polityka Prywatno\u015bci >> ><\/p>\n","protected":false},"author":1,"featured_media":0,"parent":0,"menu_order":0,"comment_status":"closed","ping_status":"closed","template":"","meta":{"footnotes":""},"class_list":["post-63","page","type-page","status-publish","hentry"],"yoast_head":"<!-- This site is optimized with the Yoast SEO plugin v27.4 - https:\/\/yoast.com\/product\/yoast-seo-wordpress\/ -->\n<title>Polityka Prywatno\u015bci - Kod Stylu<\/title>\n<meta name=\"robots\" content=\"index, follow, max-snippet:-1, max-image-preview:large, max-video-preview:-1\" \/>\n<link rel=\"canonical\" href=\"https:\/\/kodstylu.pl\/sklep\/polityka-prywatnosci\/\" \/>\n<meta property=\"og:locale\" content=\"pl_PL\" \/>\n<meta property=\"og:type\" content=\"article\" \/>\n<meta property=\"og:title\" content=\"Polityka Prywatno\u015bci - Kod Stylu\" \/>\n<meta property=\"og:description\" content=\"Polityka prywatno\u015bci i plik\u00f3w cookiesStrony internetowej www.kodstylu.pl i Sklep\u00f3w: www.kodstylu.pl\/sklep orazwww.kursy.kodstylu.pl Klikjnij tutaj, aby zapozna\u0107 si\u0119 z Polityka Prywatno\u015bci &gt;&gt; &gt;\" \/>\n<meta property=\"og:url\" content=\"https:\/\/kodstylu.pl\/sklep\/polityka-prywatnosci\/\" \/>\n<meta property=\"og:site_name\" content=\"Kod Stylu\" \/>\n<meta property=\"article:modified_time\" content=\"2024-10-01T07:44:25+00:00\" \/>\n<meta name=\"twitter:card\" content=\"summary_large_image\" \/>\n<meta name=\"twitter:label1\" content=\"Szacowany czas czytania\" \/>\n\t<meta name=\"twitter:data1\" content=\"1 minuta\" \/>\n<script type=\"application\/ld+json\" class=\"yoast-schema-graph\">{\"@context\":\"https:\\\/\\\/schema.org\",\"@graph\":[{\"@type\":\"WebPage\",\"@id\":\"https:\\\/\\\/kodstylu.pl\\\/sklep\\\/polityka-prywatnosci\\\/\",\"url\":\"https:\\\/\\\/kodstylu.pl\\\/sklep\\\/polityka-prywatnosci\\\/\",\"name\":\"Polityka Prywatno\u015bci - Kod Stylu\",\"isPartOf\":{\"@id\":\"https:\\\/\\\/kodstylu.pl\\\/sklep\\\/#website\"},\"datePublished\":\"2018-04-08T19:54:23+00:00\",\"dateModified\":\"2024-10-01T07:44:25+00:00\",\"breadcrumb\":{\"@id\":\"https:\\\/\\\/kodstylu.pl\\\/sklep\\\/polityka-prywatnosci\\\/#breadcrumb\"},\"inLanguage\":\"pl-PL\",\"potentialAction\":[{\"@type\":\"ReadAction\",\"target\":[\"https:\\\/\\\/kodstylu.pl\\\/sklep\\\/polityka-prywatnosci\\\/\"]}]},{\"@type\":\"BreadcrumbList\",\"@id\":\"https:\\\/\\\/kodstylu.pl\\\/sklep\\\/polityka-prywatnosci\\\/#breadcrumb\",\"itemListElement\":[{\"@type\":\"ListItem\",\"position\":1,\"name\":\"Strona g\u0142\u00f3wna\",\"item\":\"https:\\\/\\\/kodstylu.pl\\\/sklep\\\/\"},{\"@type\":\"ListItem\",\"position\":2,\"name\":\"Polityka Prywatno\u015bci\"}]},{\"@type\":\"WebSite\",\"@id\":\"https:\\\/\\\/kodstylu.pl\\\/sklep\\\/#website\",\"url\":\"https:\\\/\\\/kodstylu.pl\\\/sklep\\\/\",\"name\":\"Kod Stylu\",\"description\":\"Osobista Stylistka, Szkolenia dla stylistek\",\"potentialAction\":[{\"@type\":\"SearchAction\",\"target\":{\"@type\":\"EntryPoint\",\"urlTemplate\":\"https:\\\/\\\/kodstylu.pl\\\/sklep\\\/?s={search_term_string}\"},\"query-input\":{\"@type\":\"PropertyValueSpecification\",\"valueRequired\":true,\"valueName\":\"search_term_string\"}}],\"inLanguage\":\"pl-PL\"}]}<\/script>\n<!-- \/ Yoast SEO plugin. -->","yoast_head_json":{"title":"Polityka Prywatno\u015bci - Kod Stylu","robots":{"index":"index","follow":"follow","max-snippet":"max-snippet:-1","max-image-preview":"max-image-preview:large","max-video-preview":"max-video-preview:-1"},"canonical":"https:\/\/kodstylu.pl\/sklep\/polityka-prywatnosci\/","og_locale":"pl_PL","og_type":"article","og_title":"Polityka Prywatno\u015bci - Kod Stylu","og_description":"Polityka prywatno\u015bci i plik\u00f3w cookiesStrony internetowej www.kodstylu.pl i Sklep\u00f3w: www.kodstylu.pl\/sklep orazwww.kursy.kodstylu.pl Klikjnij tutaj, aby zapozna\u0107 si\u0119 z Polityka Prywatno\u015bci >> >","og_url":"https:\/\/kodstylu.pl\/sklep\/polityka-prywatnosci\/","og_site_name":"Kod Stylu","article_modified_time":"2024-10-01T07:44:25+00:00","twitter_card":"summary_large_image","twitter_misc":{"Szacowany czas czytania":"1 minuta"},"schema":{"@context":"https:\/\/schema.org","@graph":[{"@type":"WebPage","@id":"https:\/\/kodstylu.pl\/sklep\/polityka-prywatnosci\/","url":"https:\/\/kodstylu.pl\/sklep\/polityka-prywatnosci\/","name":"Polityka Prywatno\u015bci - Kod Stylu","isPartOf":{"@id":"https:\/\/kodstylu.pl\/sklep\/#website"},"datePublished":"2018-04-08T19:54:23+00:00","dateModified":"2024-10-01T07:44:25+00:00","breadcrumb":{"@id":"https:\/\/kodstylu.pl\/sklep\/polityka-prywatnosci\/#breadcrumb"},"inLanguage":"pl-PL","potentialAction":[{"@type":"ReadAction","target":["https:\/\/kodstylu.pl\/sklep\/polityka-prywatnosci\/"]}]},{"@type":"BreadcrumbList","@id":"https:\/\/kodstylu.pl\/sklep\/polityka-prywatnosci\/#breadcrumb","itemListElement":[{"@type":"ListItem","position":1,"name":"Strona g\u0142\u00f3wna","item":"https:\/\/kodstylu.pl\/sklep\/"},{"@type":"ListItem","position":2,"name":"Polityka Prywatno\u015bci"}]},{"@type":"WebSite","@id":"https:\/\/kodstylu.pl\/sklep\/#website","url":"https:\/\/kodstylu.pl\/sklep\/","name":"Kod Stylu","description":"Osobista Stylistka, Szkolenia dla stylistek","potentialAction":[{"@type":"SearchAction","target":{"@type":"EntryPoint","urlTemplate":"https:\/\/kodstylu.pl\/sklep\/?s={search_term_string}"},"query-input":{"@type":"PropertyValueSpecification","valueRequired":true,"valueName":"search_term_string"}}],"inLanguage":"pl-PL"}]}},"_links":{"self":[{"href":"https:\/\/kodstylu.pl\/sklep\/wp-json\/wp\/v2\/pages\/63","targetHints":{"allow":["GET"]}}],"collection":[{"href":"https:\/\/kodstylu.pl\/sklep\/wp-json\/wp\/v2\/pages"}],"about":[{"href":"https:\/\/kodstylu.pl\/sklep\/wp-json\/wp\/v2\/types\/page"}],"author":[{"embeddable":true,"href":"https:\/\/kodstylu.pl\/sklep\/wp-json\/wp\/v2\/users\/1"}],"replies":[{"embeddable":true,"href":"https:\/\/kodstylu.pl\/sklep\/wp-json\/wp\/v2\/comments?post=63"}],"version-history":[{"count":12,"href":"https:\/\/kodstylu.pl\/sklep\/wp-json\/wp\/v2\/pages\/63\/revisions"}],"predecessor-version":[{"id":30468,"href":"https:\/\/kodstylu.pl\/sklep\/wp-json\/wp\/v2\/pages\/63\/revisions\/30468"}],"wp:attachment":[{"href":"https:\/\/kodstylu.pl\/sklep\/wp-json\/wp\/v2\/media?parent=63"}],"curies":[{"name":"wp","href":"https:\/\/api.w.org\/{rel}","templated":true}]}}