{"id":151,"date":"2018-05-05T21:06:32","date_gmt":"2018-05-05T21:06:32","guid":{"rendered":"https:\/\/kodstylu.pl\/sklep\/?page_id=151"},"modified":"2025-07-28T12:29:46","modified_gmt":"2025-07-28T10:29:46","slug":"demo-produkty-fizyczne","status":"publish","type":"page","link":"https:\/\/kodstylu.pl\/sklep\/","title":{"rendered":"Sklep Kod Stylu"},"content":{"rendered":"\n\n  \n    <div class=\"row large-columns-4 medium-columns-3 small-columns-2 row-small slider row-slider slider-nav-reveal\"  data-flickity-options='{&quot;imagesLoaded&quot;: true, &quot;groupCells&quot;: &quot;100%&quot;, &quot;dragThreshold&quot; : 5, &quot;cellAlign&quot;: &quot;left&quot;,&quot;wrapAround&quot;: true,&quot;prevNextButtons&quot;: true,&quot;percentPosition&quot;: true,&quot;pageDots&quot;: false, &quot;rightToLeft&quot;: false, &quot;autoPlay&quot; : false}' >\n\n  <div class=\"product-category col\" >\n            <div class=\"col-inner\">\n              <a aria-label=\"Przejd\u017a do kategorii produktu Dla stylist\u00f3w\" href=\"https:\/\/kodstylu.pl\/sklep\/product-category\/szkolenie-ze-stylizacji\/\">                <div class=\"box box-category has-hover box-badge hover-dark \">\n                <div class=\"box-image\" >\n                  <div class=\"\" >\n                  <img loading=\"lazy\" decoding=\"async\" src=\"https:\/\/kodstylu.pl\/sklep\/wp-content\/uploads\/2025\/07\/kodstylu_marzenaszaflik_wersja-2.0-9-1-600x400.jpg\" alt=\"Dla stylist\u00f3w\" width=\"300\" height=\"300\" \/>                                                      <\/div>\n                <\/div>\n                <div class=\"box-text text-center\" >\n                  <div class=\"box-text-inner\">\n                      <h5 class=\"uppercase header-title\">\n                              Dla stylist\u00f3w                      <\/h5>\n                                            <p class=\"is-xsmall uppercase count \">\n\t                      8 Produkty                      <\/p>\n                                            \n                  <\/div>\n                <\/div>\n                <\/div>\n            <\/a>            <\/div>\n            <\/div><div class=\"product-category col\" >\n            <div class=\"col-inner\">\n              <a aria-label=\"Przejd\u017a do kategorii produktu KSI\u0104\u017bKI\" href=\"https:\/\/kodstylu.pl\/sklep\/product-category\/ksiazki\/\">                <div class=\"box box-category has-hover box-badge hover-dark \">\n                <div class=\"box-image\" >\n                  <div class=\"\" >\n                  <img loading=\"lazy\" decoding=\"async\" src=\"https:\/\/kodstylu.pl\/sklep\/wp-content\/uploads\/2025\/07\/kodstylu_marzenaszaflik_wersja-2.0-2.jpg\" alt=\"KSI\u0104\u017bKI\" width=\"300\" height=\"300\" \/>                                                      <\/div>\n                <\/div>\n                <div class=\"box-text text-center\" >\n                  <div class=\"box-text-inner\">\n                      <h5 class=\"uppercase header-title\">\n                              KSI\u0104\u017bKI                      <\/h5>\n                                            <p class=\"is-xsmall uppercase count \">\n\t                      3 Produkty                      <\/p>\n                                            \n                  <\/div>\n                <\/div>\n                <\/div>\n            <\/a>            <\/div>\n            <\/div><div class=\"product-category col\" >\n            <div class=\"col-inner\">\n              <a aria-label=\"Przejd\u017a do kategorii produktu Produkty online\" href=\"https:\/\/kodstylu.pl\/sklep\/product-category\/kursy\/\">                <div class=\"box box-category has-hover box-badge hover-dark \">\n                <div class=\"box-image\" >\n                  <div class=\"\" >\n                  <img loading=\"lazy\" decoding=\"async\" src=\"https:\/\/kodstylu.pl\/sklep\/wp-content\/uploads\/2025\/07\/kodstylu_marzenaszaflik_wersja-2.0-13.jpg\" alt=\"Produkty online\" width=\"300\" height=\"300\" \/>                                                      <\/div>\n                <\/div>\n                <div class=\"box-text text-center\" >\n                  <div class=\"box-text-inner\">\n                      <h5 class=\"uppercase header-title\">\n                              Produkty online                      <\/h5>\n                                            <p class=\"is-xsmall uppercase count \">\n\t                      7 Produkty                      <\/p>\n                                            \n                  <\/div>\n                <\/div>\n                <\/div>\n            <\/a>            <\/div>\n            <\/div><div class=\"product-category col\" >\n            <div class=\"col-inner\">\n              <a aria-label=\"Przejd\u017a do kategorii produktu US\u0141UGI\" href=\"https:\/\/kodstylu.pl\/sklep\/product-category\/uslugi\/\">                <div class=\"box box-category has-hover box-badge hover-dark \">\n                <div class=\"box-image\" >\n                  <div class=\"\" >\n                  <img loading=\"lazy\" decoding=\"async\" src=\"https:\/\/kodstylu.pl\/sklep\/wp-content\/uploads\/2025\/07\/kodstylu_marzenaszaflik_wersja-2.0-5.jpg\" alt=\"US\u0141UGI\" width=\"300\" height=\"300\" \/>                                                      <\/div>\n                <\/div>\n                <div class=\"box-text text-center\" >\n                  <div class=\"box-text-inner\">\n                      <h5 class=\"uppercase header-title\">\n                              US\u0141UGI                      <\/h5>\n                                            <p class=\"is-xsmall uppercase count \">\n\t                      8 Produkty                      <\/p>\n                                            \n                  <\/div>\n                <\/div>\n                <\/div>\n            <\/a>            <\/div>\n            <\/div><\/div>\n\n\t<div class=\"img has-hover x md-x lg-x y md-y lg-y\" id=\"image_1951057346\">\n\t\t<a class=\"\" href=\"https:\/\/ksk.kodstylu.pl\/\" target=\"_blank\" rel=\"noopener\" >\t\t\t\t\t\t<div class=\"img-inner dark\" style=\"margin:0px px 0px 0px;\">\n\t\t\t<img loading=\"lazy\" decoding=\"async\" width=\"2500\" height=\"600\" src=\"https:\/\/kodstylu.pl\/sklep\/wp-content\/uploads\/2025\/07\/baner-PSK-3.jpg\" class=\"attachment-original size-original\" alt=\"\" srcset=\"https:\/\/kodstylu.pl\/sklep\/wp-content\/uploads\/2025\/07\/baner-PSK-3.jpg 2500w, https:\/\/kodstylu.pl\/sklep\/wp-content\/uploads\/2025\/07\/baner-PSK-3-600x144.jpg 600w, https:\/\/kodstylu.pl\/sklep\/wp-content\/uploads\/2025\/07\/baner-PSK-3-1024x246.jpg 1024w, https:\/\/kodstylu.pl\/sklep\/wp-content\/uploads\/2025\/07\/baner-PSK-3-768x184.jpg 768w, https:\/\/kodstylu.pl\/sklep\/wp-content\/uploads\/2025\/07\/baner-PSK-3-1536x369.jpg 1536w, https:\/\/kodstylu.pl\/sklep\/wp-content\/uploads\/2025\/07\/baner-PSK-3-2048x492.jpg 2048w\" sizes=\"auto, (max-width: 2500px) 100vw, 2500px\" \/>\t\t\t\t\t\t\n\t\t\t\t\t<\/div>\n\t\t\t\t\t\t<\/a>\t\t\n<style>\n#image_1951057346 {\n  width: 100%;\n}\n<\/style>\n\t<\/div>\n\t\n\n<div class=\"text-center\"><div class=\"is-divider divider clearfix\" style=\"max-width:600px;background-color:rgb(0, 0, 0);\"><\/div><\/div>\n\n\n","protected":false},"excerpt":{"rendered":"","protected":false},"author":1,"featured_media":0,"parent":0,"menu_order":0,"comment_status":"closed","ping_status":"closed","template":"","meta":{"footnotes":""},"class_list":["post-151","page","type-page","status-publish","hentry"],"yoast_head":"<!-- This site is optimized with the Yoast SEO plugin v27.4 - https:\/\/yoast.com\/product\/yoast-seo-wordpress\/ -->\n<title>Sklep Kod Stylu - Kod Stylu<\/title>\n<meta name=\"robots\" content=\"index, follow, max-snippet:-1, max-image-preview:large, max-video-preview:-1\" \/>\n<link rel=\"canonical\" href=\"https:\/\/kodstylu.pl\/sklep\/\" \/>\n<meta property=\"og:locale\" content=\"pl_PL\" \/>\n<meta property=\"og:type\" content=\"article\" \/>\n<meta property=\"og:title\" content=\"Sklep Kod Stylu - Kod Stylu\" \/>\n<meta property=\"og:url\" content=\"https:\/\/kodstylu.pl\/sklep\/\" \/>\n<meta property=\"og:site_name\" content=\"Kod Stylu\" \/>\n<meta property=\"article:modified_time\" content=\"2025-07-28T10:29:46+00:00\" \/>\n<meta name=\"twitter:card\" content=\"summary_large_image\" \/>\n<meta name=\"twitter:label1\" content=\"Szacowany czas czytania\" \/>\n\t<meta name=\"twitter:data1\" content=\"1 minuta\" \/>\n<script type=\"application\/ld+json\" class=\"yoast-schema-graph\">{\"@context\":\"https:\\\/\\\/schema.org\",\"@graph\":[{\"@type\":\"WebPage\",\"@id\":\"https:\\\/\\\/kodstylu.pl\\\/sklep\\\/\",\"url\":\"https:\\\/\\\/kodstylu.pl\\\/sklep\\\/\",\"name\":\"Sklep Kod Stylu - Kod Stylu\",\"isPartOf\":{\"@id\":\"https:\\\/\\\/kodstylu.pl\\\/sklep\\\/#website\"},\"datePublished\":\"2018-05-05T21:06:32+00:00\",\"dateModified\":\"2025-07-28T10:29:46+00:00\",\"breadcrumb\":{\"@id\":\"https:\\\/\\\/kodstylu.pl\\\/sklep\\\/#breadcrumb\"},\"inLanguage\":\"pl-PL\",\"potentialAction\":[{\"@type\":\"ReadAction\",\"target\":[\"https:\\\/\\\/kodstylu.pl\\\/sklep\\\/\"]}]},{\"@type\":\"BreadcrumbList\",\"@id\":\"https:\\\/\\\/kodstylu.pl\\\/sklep\\\/#breadcrumb\",\"itemListElement\":[{\"@type\":\"ListItem\",\"position\":1,\"name\":\"Strona g\u0142\u00f3wna\",\"item\":\"https:\\\/\\\/kodstylu.pl\\\/sklep\\\/\"},{\"@type\":\"ListItem\",\"position\":2,\"name\":\"Sklep Kod Stylu\"}]},{\"@type\":\"WebSite\",\"@id\":\"https:\\\/\\\/kodstylu.pl\\\/sklep\\\/#website\",\"url\":\"https:\\\/\\\/kodstylu.pl\\\/sklep\\\/\",\"name\":\"Kod Stylu\",\"description\":\"Osobista Stylistka, Szkolenia dla stylistek\",\"potentialAction\":[{\"@type\":\"SearchAction\",\"target\":{\"@type\":\"EntryPoint\",\"urlTemplate\":\"https:\\\/\\\/kodstylu.pl\\\/sklep\\\/?s={search_term_string}\"},\"query-input\":{\"@type\":\"PropertyValueSpecification\",\"valueRequired\":true,\"valueName\":\"search_term_string\"}}],\"inLanguage\":\"pl-PL\"}]}<\/script>\n<!-- \/ Yoast SEO plugin. -->","yoast_head_json":{"title":"Sklep Kod Stylu - Kod Stylu","robots":{"index":"index","follow":"follow","max-snippet":"max-snippet:-1","max-image-preview":"max-image-preview:large","max-video-preview":"max-video-preview:-1"},"canonical":"https:\/\/kodstylu.pl\/sklep\/","og_locale":"pl_PL","og_type":"article","og_title":"Sklep Kod Stylu - Kod Stylu","og_url":"https:\/\/kodstylu.pl\/sklep\/","og_site_name":"Kod Stylu","article_modified_time":"2025-07-28T10:29:46+00:00","twitter_card":"summary_large_image","twitter_misc":{"Szacowany czas czytania":"1 minuta"},"schema":{"@context":"https:\/\/schema.org","@graph":[{"@type":"WebPage","@id":"https:\/\/kodstylu.pl\/sklep\/","url":"https:\/\/kodstylu.pl\/sklep\/","name":"Sklep Kod Stylu - Kod Stylu","isPartOf":{"@id":"https:\/\/kodstylu.pl\/sklep\/#website"},"datePublished":"2018-05-05T21:06:32+00:00","dateModified":"2025-07-28T10:29:46+00:00","breadcrumb":{"@id":"https:\/\/kodstylu.pl\/sklep\/#breadcrumb"},"inLanguage":"pl-PL","potentialAction":[{"@type":"ReadAction","target":["https:\/\/kodstylu.pl\/sklep\/"]}]},{"@type":"BreadcrumbList","@id":"https:\/\/kodstylu.pl\/sklep\/#breadcrumb","itemListElement":[{"@type":"ListItem","position":1,"name":"Strona g\u0142\u00f3wna","item":"https:\/\/kodstylu.pl\/sklep\/"},{"@type":"ListItem","position":2,"name":"Sklep Kod Stylu"}]},{"@type":"WebSite","@id":"https:\/\/kodstylu.pl\/sklep\/#website","url":"https:\/\/kodstylu.pl\/sklep\/","name":"Kod Stylu","description":"Osobista Stylistka, Szkolenia dla stylistek","potentialAction":[{"@type":"SearchAction","target":{"@type":"EntryPoint","urlTemplate":"https:\/\/kodstylu.pl\/sklep\/?s={search_term_string}"},"query-input":{"@type":"PropertyValueSpecification","valueRequired":true,"valueName":"search_term_string"}}],"inLanguage":"pl-PL"}]}},"_links":{"self":[{"href":"https:\/\/kodstylu.pl\/sklep\/wp-json\/wp\/v2\/pages\/151","targetHints":{"allow":["GET"]}}],"collection":[{"href":"https:\/\/kodstylu.pl\/sklep\/wp-json\/wp\/v2\/pages"}],"about":[{"href":"https:\/\/kodstylu.pl\/sklep\/wp-json\/wp\/v2\/types\/page"}],"author":[{"embeddable":true,"href":"https:\/\/kodstylu.pl\/sklep\/wp-json\/wp\/v2\/users\/1"}],"replies":[{"embeddable":true,"href":"https:\/\/kodstylu.pl\/sklep\/wp-json\/wp\/v2\/comments?post=151"}],"version-history":[{"count":168,"href":"https:\/\/kodstylu.pl\/sklep\/wp-json\/wp\/v2\/pages\/151\/revisions"}],"predecessor-version":[{"id":30895,"href":"https:\/\/kodstylu.pl\/sklep\/wp-json\/wp\/v2\/pages\/151\/revisions\/30895"}],"wp:attachment":[{"href":"https:\/\/kodstylu.pl\/sklep\/wp-json\/wp\/v2\/media?parent=151"}],"curies":[{"name":"wp","href":"https:\/\/api.w.org\/{rel}","templated":true}]}}